{"id":670,"date":"2024-02-27T08:17:51","date_gmt":"2024-02-27T08:17:51","guid":{"rendered":"https:\/\/poultryinvestment.ro\/home\/"},"modified":"2026-03-09T07:28:10","modified_gmt":"2026-03-09T07:28:10","slug":"home","status":"publish","type":"page","link":"https:\/\/poultryinvestment.ro\/hu\/","title":{"rendered":"F\u0151oldal"},"content":{"rendered":"<div class=\"wpb-content-wrapper\"><p>[vc_section el_id=&#8221;homeHero&#8221;][vc_row full_width=&#8221;stretch_row_content_no_spaces&#8221;][vc_column][vc_single_image image=&#8221;51&#8243; img_size=&#8221;full&#8221; css_animation=&#8221;fadeIn&#8221; css=&#8221;&#8221; image_hovers=&#8221;false&#8221; lazy_loading=&#8221;true&#8221; el_class=&#8221;hero-desktop&#8221;][vc_single_image image=&#8221;829&#8243; img_size=&#8221;full&#8221; alignment=&#8221;center&#8221; css_animation=&#8221;fadeIn&#8221; css=&#8221;&#8221; image_hovers=&#8221;false&#8221; lazy_loading=&#8221;true&#8221; el_class=&#8221;hero-mobile&#8221;][\/vc_column][\/vc_row][vc_row el_class=&#8221;row-hero-heading&#8221;][vc_column][vc_column_text]<\/p>\n<h1>\u00dcdv\u00f6z\u00f6lj\u00fck a<br \/>\n<strong>Poultry Investmentn\u00e9l!<\/strong><\/h1>\n<p>[\/vc_column_text][\/vc_column][\/vc_row][\/vc_section][vc_section el_class=&#8221;section-home section-slogan&#8221;][vc_row equal_height=&#8221;yes&#8221; content_placement=&#8221;middle&#8221;][vc_column width=&#8221;1\/2&#8243;][vc_column_text]<\/p>\n<h3 style=\"text-align: center;\">A Poultry Investmentn\u00e9l gondosan \u00f6sszehangoljuk a baromfiteny\u00e9szt\u00e9s minden elem\u00e9t, hogy a lehet\u0151 legfrissebb \u00e9s legmegb\u00edzhat\u00f3bb term\u00e9keket k\u00edn\u00e1lhassuk \u00d6nnek.<\/h3>\n<p style=\"text-align: center;\">Kiterjedt h\u00e1l\u00f3zatunk mag\u00e1ba foglalja a teny\u00e9szfarmokat, keltet\u0151ket, nevel\u0151farmokat \u00e9s modern v\u00e1g\u00f3hidakat. Elk\u00f6telezettek vagyunk amellett, hogy a legjobb baromfiterm\u00e9keket juttassuk el \u00d6nh\u00f6z. Termel\u00e9s\u00fcnk minden l\u00e9p\u00e9s\u00e9t gondosan integr\u00e1ljuk \u00e9s ir\u00e1ny\u00edtjuk, hogy biztos\u00edtsuk az \u00d6n sz\u00e1m\u00e1ra sz\u00fcks\u00e9ges biztons\u00e1got \u00e9s el\u00e9gedetts\u00e9get.<\/p>\n<p style=\"text-align: center;\">Fedezze fel interakt\u00edv t\u00e9rk\u00e9p\u00fcnket, hogy megismerje telephelyeinket \u00e9s m\u0171k\u00f6d\u00e9s\u00fcnket.<\/p>\n<p>[\/vc_column_text][\/vc_column][vc_column width=&#8221;1\/2&#8243;][vc_single_image image=&#8221;463&#8243; img_size=&#8221;full&#8221; alignment=&#8221;center&#8221; image_hovers=&#8221;false&#8221;][\/vc_column][\/vc_row][\/vc_section][vc_section disable_element=&#8221;yes&#8221; el_class=&#8221;section-home section-slogan&#8221;][vc_row][vc_column][vc_column_text]<\/p>\n<h2 style=\"text-align: center;\">Suntem una dintre<br \/>\n<strong>cele mai respectate \u015fi importante companii<\/strong><br \/>\ndin industria c\u0103rnii de pas\u0103re din Rom\u00e2nia.<\/h2>\n<p>[\/vc_column_text][\/vc_column][\/vc_row][\/vc_section][vc_section full_width=&#8221;stretch_row_content&#8221; el_id=&#8221;homeAbout&#8221; el_class=&#8221;home-about&#8221;][vc_row equal_height=&#8221;yes&#8221; content_placement=&#8221;middle&#8221; el_class=&#8221;home-about-row-1&#8243;][vc_column width=&#8221;11\/12&#8243; css=&#8221;.vc_custom_1709109396700{background-image: url(https:\/\/poultryinvestment.ro\/wp-content\/uploads\/2024\/02\/bg-home-about-1.jpg?id=55) !important;background-position: center !important;background-repeat: no-repeat !important;background-size: cover !important;}&#8221; el_class=&#8221;col-img&#8221; offset=&#8221;vc_col-md-6&#8243;][\/vc_column][vc_column el_class=&#8221;col-txt&#8221; offset=&#8221;vc_col-md-6&#8243;][vc_column_text]Le\u00e1nyv\u00e1llalataink r\u00e9v\u00e9n a helyi piac meghat\u00e1roz\u00f3 szerepl\u0151j\u00e9v\u00e9 v\u00e1ltunk, strat\u00e9giai jelenl\u00e9ttel Maros, Brass\u00f3 \u00e9s Szatm\u00e1r megy\u00e9kben.<\/p>\n<p>Utunk alapja az volt, hogy csak a legfrissebb \u00e9s legmagasabb min\u0151s\u00e9g\u0171 csirkeh\u00fast juttassuk el az asztalokhoz Erd\u00e9ly-szerte \u00e9s azon t\u00fal is.[\/vc_column_text][\/vc_column][\/vc_row][vc_row equal_height=&#8221;yes&#8221; content_placement=&#8221;middle&#8221; el_class=&#8221;home-about-row-2 inverted&#8221;][vc_column el_class=&#8221;col-img&#8221; offset=&#8221;vc_col-md-6&#8243;][vc_single_image image=&#8221;822&#8243; img_size=&#8221;full&#8221; alignment=&#8221;center&#8221; css_animation=&#8221;fadeIn&#8221; css=&#8221;&#8221; el_class=&#8221;mb-0&#8243;][\/vc_column][vc_column el_class=&#8221;col-txt&#8221; offset=&#8221;vc_col-md-6&#8243;][vc_column_text]B\u00fcszk\u00e9k vagyunk integr\u00e1lt termel\u00e9si folyamatunkra, amely mag\u00e1ba foglal mindent a takarm\u00e1nygy\u00e1rt\u00e1st\u00f3l a v\u00e9gterm\u00e9kek fogyaszt\u00f3khoz val\u00f3 eljuttat\u00e1s\u00e1ig. Ennek r\u00e9sz\u00e9t k\u00e9pezik a teny\u00e9sz\u00e1llom\u00e1sok, keltet\u0151k, csirke nevel\u0151farmok, v\u00e1g\u00f3hidak \u00e9s saj\u00e1t kiskereskedelmi h\u00e1l\u00f3zatunk is.<\/p>\n<p>Minden l\u00e9tes\u00edtm\u00e9ny\u00fcnkben a leg\u00fajabb technol\u00f3gi\u00e1t alkalmazzuk, amely r\u00e9v\u00e9n olyan p\u00e1ratlan \u00e9lelmiszer-biztons\u00e1got \u00e9s min\u0151s\u00e9get ny\u00fajthatunk, amelyben v\u00e1s\u00e1rl\u00f3ink megb\u00edzhatnak.[\/vc_column_text][\/vc_column][\/vc_row][\/vc_section][vc_section el_class=&#8221;section-home section-slogan&#8221;][vc_row][vc_column][vc_column_text]<\/p>\n<h2 style=\"text-align: center;\"><strong>A Poultry Investment <\/strong><br \/>\nt\u00f6bb mint egy baromfi business.<\/h2>\n<p>[\/vc_column_text][\/vc_column][\/vc_row][\/vc_section][vc_section el_class=&#8221;home-sustainability&#8221;][vc_row full_width=&#8221;stretch_row&#8221; bg_type=&#8221;image&#8221; parallax_style=&#8221;vcpb-vz-jquery&#8221; bg_image_new=&#8221;id^63|url^https:\/\/poultryinvestment.ro\/wp-content\/uploads\/2024\/02\/bg-home-sustainability.jpg|caption^null|alt^null|title^null|description^null&#8221; bg_image_repeat=&#8221;no-repeat&#8221; el_class=&#8221;section-home&#8221;][vc_column width=&#8221;1\/6&#8243;][\/vc_column][vc_column width=&#8221;2\/3&#8243; el_class=&#8221;col-txt&#8221;][vc_column_text]Egy csapat vagyunk, amely elk\u00f6telezett a fenntarthat\u00f3s\u00e1g, az innov\u00e1ci\u00f3 \u00e9s a kiv\u00e1l\u00f3s\u00e1g ir\u00e1nt. A z\u00f6ld energia haszn\u00e1lat\u00e1ra \u00e9s a sz\u00e9nl\u00e1bnyomunk optimaliz\u00e1l\u00e1s\u00e1ra tett er\u0151fesz\u00edt\u00e9seink t\u00fckr\u00f6zik a k\u00f6rnyezet ir\u00e1nti elk\u00f6telezetts\u00e9g\u00fcnket.[\/vc_column_text][\/vc_column][vc_column width=&#8221;1\/6&#8243;][\/vc_column][\/vc_row][\/vc_section][vc_section el_class=&#8221;section-home section-slogan&#8221;][vc_row el_class=&#8221;home-brands-row&#8221;][vc_column width=&#8221;1\/6&#8243;][\/vc_column][vc_column width=&#8221;2\/3&#8243;][vc_column_text]<\/p>\n<h2 style=\"text-align: center;\"><strong>M\u00e1rk\u00e1ink<\/strong><\/h2>\n<p style=\"text-align: center;\">Fedezze fel m\u00e1rk\u00e1inkat, amelyek hagyom\u00e1nyos \u00edz\u00fckr\u0151l \u00e9s t\u00e1p\u00e9rt\u00e9k\u00fckr\u0151l ismert, pr\u00e9mium min\u0151s\u00e9g\u0171 csirkeh\u00fas term\u00e9keket k\u00edn\u00e1lnak..<\/p>\n<p>[\/vc_column_text][vc_row_inner][vc_column_inner width=&#8221;1\/4&#8243;][\/vc_column_inner][vc_column_inner width=&#8221;1\/4&#8243;][vc_single_image image=&#8221;1036&#8243; img_size=&#8221;full&#8221; alignment=&#8221;center&#8221; onclick=&#8221;custom_link&#8221; css=&#8221;&#8221; image_hovers=&#8221;false&#8221; lazy_loading=&#8221;true&#8221; link=&#8221;https:\/\/poultryinvestment.ro\/hu\/puiul-de-craiesti\/&#8221;][vc_custom_heading text=&#8221;Puiul de Cr\u0103ie\u015fti&#8221; font_container=&#8221;tag:h4|text_align:center&#8221; use_theme_fonts=&#8221;yes&#8221; link=&#8221;url:https%3A%2F%2Fpoultryinvestment.ro%2Fhu%2Fpuiul-de-craiesti%2F|title:Puiul%20de%20Cr%C4%83ie%C5%9Fti&#8221;][\/vc_column_inner][vc_column_inner width=&#8221;1\/4&#8243;][vc_single_image image=&#8221;78&#8243; img_size=&#8221;full&#8221; alignment=&#8221;center&#8221; onclick=&#8221;custom_link&#8221; image_hovers=&#8221;false&#8221; lazy_loading=&#8221;true&#8221; link=&#8221;https:\/\/poultryinvestment.ro\/hu\/szekely-csurke\/&#8221;][vc_custom_heading text=&#8221;Sz\u00e9kely Cs\u00fcrke&#8221; font_container=&#8221;tag:h4|text_align:center&#8221; use_theme_fonts=&#8221;yes&#8221; link=&#8221;url:https%3A%2F%2Fpoultryinvestment.ro%2Fhu%2Fszekely-csurke%2F|title:Sz%C3%A9kely%20Cs%C3%BCrke&#8221;][\/vc_column_inner][vc_column_inner width=&#8221;1\/4&#8243;][\/vc_column_inner][\/vc_row_inner][\/vc_column][vc_column width=&#8221;1\/6&#8243;][\/vc_column][\/vc_row][\/vc_section][vc_section full_width=&#8221;stretch_row&#8221; el_class=&#8221;section-home home-jobs&#8221; css=&#8221;.vc_custom_1740410825628{background-image: url(https:\/\/poultryinvestment.ro\/wp-content\/uploads\/2024\/02\/bg-jobs.jpg?id=69) !important;background-position: center !important;background-repeat: no-repeat !important;background-size: cover !important;}&#8221;][vc_row full_width=&#8221;stretch_row&#8221;][vc_column width=&#8221;1\/2&#8243; el_class=&#8221;col-txt&#8221;][vc_single_image image=&#8221;108&#8243; img_size=&#8221;full&#8221; alignment=&#8221;center&#8221; lazy_loading=&#8221;true&#8221;][vc_column_text]Csatlakozz a Poultry Investment csapat\u00e1hoz: ahol a tehets\u00e9g egy t\u00e1mogat\u00f3 \u00e9s dinamikus munkahelyen bontakozik ki.[\/vc_column_text]<style type=\"text\/css\" data-type=\"the7_shortcodes-inline-css\">#default-btn-309c17515dc4adebd9d1e656e3edbeaa.ico-right-side > i {\n  margin-right: 0px;\n  margin-left: 8px;\n}\n#default-btn-309c17515dc4adebd9d1e656e3edbeaa > i {\n  margin-right: 8px;\n}\n<\/style><div class=\"btn-align-center\"><a href=\"\/hu\/karrier\/\" class=\"default-btn-shortcode dt-btn dt-btn-l link-hover-off btn-white \" id=\"default-btn-309c17515dc4adebd9d1e656e3edbeaa\" title=\"Karrier\"><span>MUNKALEHET\u0150S\u00c9GEK<\/span><\/a><\/div>[\/vc_column][vc_column width=&#8221;1\/2&#8243;][\/vc_column][\/vc_row][\/vc_section][vc_section disable_element=&#8221;yes&#8221; el_class=&#8221;section-home&#8221;][vc_row][vc_column][vc_video link=&#8221;https:\/\/www.youtube.com\/watch?v=tCT57IHz7OM&#8221; align=&#8221;center&#8221;][\/vc_column][\/vc_row][\/vc_section]<\/p>\n<\/div>","protected":false},"excerpt":{"rendered":"<p>[vc_section el_id=&#8221;homeHero&#8221;][vc_row full_width=&#8221;stretch_row_content_no_spaces&#8221;][vc_column][vc_single_image image=&#8221;51&#8243; img_size=&#8221;full&#8221; css_animation=&#8221;fadeIn&#8221; css=&#8221;&#8221; image_hovers=&#8221;false&#8221; lazy_loading=&#8221;true&#8221; el_class=&#8221;hero-desktop&#8221;][vc_single_image image=&#8221;829&#8243; img_size=&#8221;full&#8221; alignment=&#8221;center&#8221; css_animation=&#8221;fadeIn&#8221; css=&#8221;&#8221; image_hovers=&#8221;false&#8221; lazy_loading=&#8221;true&#8221; el_class=&#8221;hero-mobile&#8221;][\/vc_column][\/vc_row][vc_row el_class=&#8221;row-hero-heading&#8221;][vc_column][vc_column_text] \u00dcdv\u00f6z\u00f6lj\u00fck a Poultry Investmentn\u00e9l! [\/vc_column_text][\/vc_column][\/vc_row][\/vc_section][vc_section el_class=&#8221;section-home section-slogan&#8221;][vc_row equal_height=&#8221;yes&#8221; content_placement=&#8221;middle&#8221;][vc_column width=&#8221;1\/2&#8243;][vc_column_text] A Poultry Investmentn\u00e9l gondosan \u00f6sszehangoljuk a baromfiteny\u00e9szt\u00e9s minden elem\u00e9t, hogy a lehet\u0151 legfrissebb \u00e9s legmegb\u00edzhat\u00f3bb term\u00e9keket k\u00edn\u00e1lhassuk \u00d6nnek. Kiterjedt h\u00e1l\u00f3zatunk mag\u00e1ba foglalja a teny\u00e9szfarmokat, keltet\u0151ket, nevel\u0151farmokat&hellip;<\/p>\n","protected":false},"author":1,"featured_media":0,"parent":0,"menu_order":0,"comment_status":"closed","ping_status":"closed","template":"","meta":{"_acf_changed":false,"footnotes":""},"class_list":["post-670","page","type-page","status-publish","hentry","description-off"],"acf":[],"yoast_head":"<!-- This site is optimized with the Yoast SEO plugin v25.1 - https:\/\/yoast.com\/wordpress\/plugins\/seo\/ -->\n<title>Poultry Investment<\/title>\n<meta name=\"robots\" content=\"index, follow, max-snippet:-1, max-image-preview:large, max-video-preview:-1\" \/>\n<link rel=\"canonical\" href=\"https:\/\/poultryinvestment.ro\/hu\/\" \/>\n<meta property=\"og:locale\" content=\"hu_HU\" \/>\n<meta property=\"og:type\" content=\"article\" \/>\n<meta property=\"og:title\" content=\"Poultry Investment\" \/>\n<meta property=\"og:description\" content=\"[vc_section el_id=&#8221;homeHero&#8221;][vc_row full_width=&#8221;stretch_row_content_no_spaces&#8221;][vc_column][vc_single_image image=&#8221;51&#8243; img_size=&#8221;full&#8221; css_animation=&#8221;fadeIn&#8221; css=&#8221;&#8221; image_hovers=&#8221;false&#8221; lazy_loading=&#8221;true&#8221; el_class=&#8221;hero-desktop&#8221;][vc_single_image image=&#8221;829&#8243; img_size=&#8221;full&#8221; alignment=&#8221;center&#8221; css_animation=&#8221;fadeIn&#8221; css=&#8221;&#8221; image_hovers=&#8221;false&#8221; lazy_loading=&#8221;true&#8221; el_class=&#8221;hero-mobile&#8221;][\/vc_column][\/vc_row][vc_row el_class=&#8221;row-hero-heading&#8221;][vc_column][vc_column_text] \u00dcdv\u00f6z\u00f6lj\u00fck a Poultry Investmentn\u00e9l! [\/vc_column_text][\/vc_column][\/vc_row][\/vc_section][vc_section el_class=&#8221;section-home section-slogan&#8221;][vc_row equal_height=&#8221;yes&#8221; content_placement=&#8221;middle&#8221;][vc_column width=&#8221;1\/2&#8243;][vc_column_text] A Poultry Investmentn\u00e9l gondosan \u00f6sszehangoljuk a baromfiteny\u00e9szt\u00e9s minden elem\u00e9t, hogy a lehet\u0151 legfrissebb \u00e9s legmegb\u00edzhat\u00f3bb term\u00e9keket k\u00edn\u00e1lhassuk \u00d6nnek. Kiterjedt h\u00e1l\u00f3zatunk mag\u00e1ba foglalja a teny\u00e9szfarmokat, keltet\u0151ket, nevel\u0151farmokat&hellip;\" \/>\n<meta property=\"og:url\" content=\"https:\/\/poultryinvestment.ro\/hu\/\" \/>\n<meta property=\"og:site_name\" content=\"Poultry Investment\" \/>\n<meta property=\"article:publisher\" content=\"https:\/\/www.facebook.com\/poultry.investment.team\" \/>\n<meta property=\"article:modified_time\" content=\"2026-03-09T07:28:10+00:00\" \/>\n<meta name=\"twitter:card\" content=\"summary_large_image\" \/>\n<meta name=\"twitter:label1\" content=\"Becs\u00fclt olvas\u00e1si id\u0151\" \/>\n\t<meta name=\"twitter:data1\" content=\"2 perc\" \/>\n<script type=\"application\/ld+json\" class=\"yoast-schema-graph\">{\"@context\":\"https:\/\/schema.org\",\"@graph\":[{\"@type\":\"WebPage\",\"@id\":\"https:\/\/poultryinvestment.ro\/hu\/\",\"url\":\"https:\/\/poultryinvestment.ro\/hu\/\",\"name\":\"Poultry Investment\",\"isPartOf\":{\"@id\":\"https:\/\/poultryinvestment.ro\/#website\"},\"datePublished\":\"2024-02-27T08:17:51+00:00\",\"dateModified\":\"2026-03-09T07:28:10+00:00\",\"breadcrumb\":{\"@id\":\"https:\/\/poultryinvestment.ro\/hu\/#breadcrumb\"},\"inLanguage\":\"hu\",\"potentialAction\":[{\"@type\":\"ReadAction\",\"target\":[\"https:\/\/poultryinvestment.ro\/hu\/\"]}]},{\"@type\":\"BreadcrumbList\",\"@id\":\"https:\/\/poultryinvestment.ro\/hu\/#breadcrumb\",\"itemListElement\":[{\"@type\":\"ListItem\",\"position\":1,\"name\":\"Home\",\"item\":\"https:\/\/poultryinvestment.ro\/hu\/\"},{\"@type\":\"ListItem\",\"position\":2,\"name\":\"F\u0151oldal\"}]},{\"@type\":\"WebSite\",\"@id\":\"https:\/\/poultryinvestment.ro\/#website\",\"url\":\"https:\/\/poultryinvestment.ro\/\",\"name\":\"Poultry Investment\",\"description\":\"\",\"publisher\":{\"@id\":\"https:\/\/poultryinvestment.ro\/#organization\"},\"potentialAction\":[{\"@type\":\"SearchAction\",\"target\":{\"@type\":\"EntryPoint\",\"urlTemplate\":\"https:\/\/poultryinvestment.ro\/?s={search_term_string}\"},\"query-input\":{\"@type\":\"PropertyValueSpecification\",\"valueRequired\":true,\"valueName\":\"search_term_string\"}}],\"inLanguage\":\"hu\"},{\"@type\":\"Organization\",\"@id\":\"https:\/\/poultryinvestment.ro\/#organization\",\"name\":\"Poultry Investment\",\"url\":\"https:\/\/poultryinvestment.ro\/\",\"logo\":{\"@type\":\"ImageObject\",\"inLanguage\":\"hu\",\"@id\":\"https:\/\/poultryinvestment.ro\/#\/schema\/logo\/image\/\",\"url\":\"https:\/\/poultryinvestment.ro\/wp-content\/uploads\/2023\/11\/poultry-logo-comingsoon-s.png\",\"contentUrl\":\"https:\/\/poultryinvestment.ro\/wp-content\/uploads\/2023\/11\/poultry-logo-comingsoon-s.png\",\"width\":500,\"height\":354,\"caption\":\"Poultry Investment\"},\"image\":{\"@id\":\"https:\/\/poultryinvestment.ro\/#\/schema\/logo\/image\/\"},\"sameAs\":[\"https:\/\/www.facebook.com\/poultry.investment.team\",\"https:\/\/ro.linkedin.com\/company\/poultry-investment\"]}]}<\/script>\n<!-- \/ Yoast SEO plugin. -->","yoast_head_json":{"title":"Poultry Investment","robots":{"index":"index","follow":"follow","max-snippet":"max-snippet:-1","max-image-preview":"max-image-preview:large","max-video-preview":"max-video-preview:-1"},"canonical":"https:\/\/poultryinvestment.ro\/hu\/","og_locale":"hu_HU","og_type":"article","og_title":"Poultry Investment","og_description":"[vc_section el_id=&#8221;homeHero&#8221;][vc_row full_width=&#8221;stretch_row_content_no_spaces&#8221;][vc_column][vc_single_image image=&#8221;51&#8243; img_size=&#8221;full&#8221; css_animation=&#8221;fadeIn&#8221; css=&#8221;&#8221; image_hovers=&#8221;false&#8221; lazy_loading=&#8221;true&#8221; el_class=&#8221;hero-desktop&#8221;][vc_single_image image=&#8221;829&#8243; img_size=&#8221;full&#8221; alignment=&#8221;center&#8221; css_animation=&#8221;fadeIn&#8221; css=&#8221;&#8221; image_hovers=&#8221;false&#8221; lazy_loading=&#8221;true&#8221; el_class=&#8221;hero-mobile&#8221;][\/vc_column][\/vc_row][vc_row el_class=&#8221;row-hero-heading&#8221;][vc_column][vc_column_text] \u00dcdv\u00f6z\u00f6lj\u00fck a Poultry Investmentn\u00e9l! [\/vc_column_text][\/vc_column][\/vc_row][\/vc_section][vc_section el_class=&#8221;section-home section-slogan&#8221;][vc_row equal_height=&#8221;yes&#8221; content_placement=&#8221;middle&#8221;][vc_column width=&#8221;1\/2&#8243;][vc_column_text] A Poultry Investmentn\u00e9l gondosan \u00f6sszehangoljuk a baromfiteny\u00e9szt\u00e9s minden elem\u00e9t, hogy a lehet\u0151 legfrissebb \u00e9s legmegb\u00edzhat\u00f3bb term\u00e9keket k\u00edn\u00e1lhassuk \u00d6nnek. Kiterjedt h\u00e1l\u00f3zatunk mag\u00e1ba foglalja a teny\u00e9szfarmokat, keltet\u0151ket, nevel\u0151farmokat&hellip;","og_url":"https:\/\/poultryinvestment.ro\/hu\/","og_site_name":"Poultry Investment","article_publisher":"https:\/\/www.facebook.com\/poultry.investment.team","article_modified_time":"2026-03-09T07:28:10+00:00","twitter_card":"summary_large_image","twitter_misc":{"Becs\u00fclt olvas\u00e1si id\u0151":"2 perc"},"schema":{"@context":"https:\/\/schema.org","@graph":[{"@type":"WebPage","@id":"https:\/\/poultryinvestment.ro\/hu\/","url":"https:\/\/poultryinvestment.ro\/hu\/","name":"Poultry Investment","isPartOf":{"@id":"https:\/\/poultryinvestment.ro\/#website"},"datePublished":"2024-02-27T08:17:51+00:00","dateModified":"2026-03-09T07:28:10+00:00","breadcrumb":{"@id":"https:\/\/poultryinvestment.ro\/hu\/#breadcrumb"},"inLanguage":"hu","potentialAction":[{"@type":"ReadAction","target":["https:\/\/poultryinvestment.ro\/hu\/"]}]},{"@type":"BreadcrumbList","@id":"https:\/\/poultryinvestment.ro\/hu\/#breadcrumb","itemListElement":[{"@type":"ListItem","position":1,"name":"Home","item":"https:\/\/poultryinvestment.ro\/hu\/"},{"@type":"ListItem","position":2,"name":"F\u0151oldal"}]},{"@type":"WebSite","@id":"https:\/\/poultryinvestment.ro\/#website","url":"https:\/\/poultryinvestment.ro\/","name":"Poultry Investment","description":"","publisher":{"@id":"https:\/\/poultryinvestment.ro\/#organization"},"potentialAction":[{"@type":"SearchAction","target":{"@type":"EntryPoint","urlTemplate":"https:\/\/poultryinvestment.ro\/?s={search_term_string}"},"query-input":{"@type":"PropertyValueSpecification","valueRequired":true,"valueName":"search_term_string"}}],"inLanguage":"hu"},{"@type":"Organization","@id":"https:\/\/poultryinvestment.ro\/#organization","name":"Poultry Investment","url":"https:\/\/poultryinvestment.ro\/","logo":{"@type":"ImageObject","inLanguage":"hu","@id":"https:\/\/poultryinvestment.ro\/#\/schema\/logo\/image\/","url":"https:\/\/poultryinvestment.ro\/wp-content\/uploads\/2023\/11\/poultry-logo-comingsoon-s.png","contentUrl":"https:\/\/poultryinvestment.ro\/wp-content\/uploads\/2023\/11\/poultry-logo-comingsoon-s.png","width":500,"height":354,"caption":"Poultry Investment"},"image":{"@id":"https:\/\/poultryinvestment.ro\/#\/schema\/logo\/image\/"},"sameAs":["https:\/\/www.facebook.com\/poultry.investment.team","https:\/\/ro.linkedin.com\/company\/poultry-investment"]}]}},"_links":{"self":[{"href":"https:\/\/poultryinvestment.ro\/hu\/wp-json\/wp\/v2\/pages\/670","targetHints":{"allow":["GET"]}}],"collection":[{"href":"https:\/\/poultryinvestment.ro\/hu\/wp-json\/wp\/v2\/pages"}],"about":[{"href":"https:\/\/poultryinvestment.ro\/hu\/wp-json\/wp\/v2\/types\/page"}],"author":[{"embeddable":true,"href":"https:\/\/poultryinvestment.ro\/hu\/wp-json\/wp\/v2\/users\/1"}],"replies":[{"embeddable":true,"href":"https:\/\/poultryinvestment.ro\/hu\/wp-json\/wp\/v2\/comments?post=670"}],"version-history":[{"count":10,"href":"https:\/\/poultryinvestment.ro\/hu\/wp-json\/wp\/v2\/pages\/670\/revisions"}],"predecessor-version":[{"id":1054,"href":"https:\/\/poultryinvestment.ro\/hu\/wp-json\/wp\/v2\/pages\/670\/revisions\/1054"}],"wp:attachment":[{"href":"https:\/\/poultryinvestment.ro\/hu\/wp-json\/wp\/v2\/media?parent=670"}],"curies":[{"name":"wp","href":"https:\/\/api.w.org\/{rel}","templated":true}]}}