{"id":674,"date":"2024-03-29T13:10:23","date_gmt":"2024-03-29T13:10:23","guid":{"rendered":"https:\/\/poultryinvestment.ro\/despre-noi\/"},"modified":"2026-03-09T07:28:25","modified_gmt":"2026-03-09T07:28:25","slug":"rolunk","status":"publish","type":"page","link":"https:\/\/poultryinvestment.ro\/hu\/rolunk\/","title":{"rendered":"R\u00f3lunk"},"content":{"rendered":"<div class=\"wpb-content-wrapper\"><p>[vc_section el_class=&#8221;section-home section-slogan&#8221;][vc_row][vc_column][vc_column_text]<\/p>\n<h2 style=\"text-align: center;\">A Poultry Investment<br \/>\nRom\u00e1nia baromfih\u00fas-ipar\u00e1nak<br \/>\n<strong>egyik innovat\u00edv szerepl\u0151je.<\/strong><\/h2>\n<p>[\/vc_column_text][\/vc_column][\/vc_row][vc_row][vc_column][vc_column_text]<\/p>\n<p style=\"text-align: center;\">Gy\u00f6kereink Maros, Brass\u00f3 \u00e9s Szatm\u00e1r megy\u00e9kb\u0151l erednek, ahol le\u00e1nyv\u00e1llalataink r\u00e9v\u00e9n hat\u00e1rozott jelenl\u00e9ttel b\u00fcszk\u00e9lkedhet\u00fcnk. Ami megk\u00fcl\u00f6nb\u00f6ztet minket, az az integr\u00e1lt termel\u00e9si folyamatunk, amely a takarm\u00e1nygy\u00e1rt\u00e1st\u00f3l saj\u00e1t \u00fczleth\u00e1l\u00f3zatunkig terjed. A legmodernebb technol\u00f3gi\u00e1val felszerelve elk\u00f6telezettek vagyunk a magas szint\u0171 \u00e9lelmiszerbiztons\u00e1g biztos\u00edt\u00e1sa \u00e9s a friss, kiv\u00e1l\u00f3 min\u0151s\u00e9g\u0171 csirkeh\u00fas eljuttat\u00e1sa ir\u00e1nt Erd\u00e9lyb\u0151l az eg\u00e9sz r\u00e9gi\u00f3 asztalaira.<\/p>\n<p>[\/vc_column_text][\/vc_column][\/vc_row][\/vc_section][vc_section full_width=&#8221;stretch_row_content&#8221; el_class=&#8221;home-about section-about-inner&#8221;][vc_row][vc_column][vc_custom_heading text=&#8221;\u00c9RT\u00c9KEINK&#8221; font_container=&#8221;tag:h1|text_align:center&#8221; use_theme_fonts=&#8221;yes&#8221;][\/vc_column][\/vc_row][vc_row equal_height=&#8221;yes&#8221; content_placement=&#8221;middle&#8221; el_class=&#8221;home-about-row-1&#8243;][vc_column width=&#8221;11\/12&#8243; css=&#8221;.vc_custom_1754469907404{background-image: url(https:\/\/poultryinvestment.ro\/wp-content\/uploads\/2025\/08\/about-us-03.webp?id=836) !important;background-position: center !important;background-repeat: no-repeat !important;background-size: cover !important;}&#8221; el_class=&#8221;col-img&#8221; offset=&#8221;vc_col-md-6&#8243;][vc_custom_heading text=&#8221;Innov\u00e1ci\u00f3&#8221; font_container=&#8221;tag:h2|text_align:center&#8221; use_theme_fonts=&#8221;yes&#8221;][\/vc_column][vc_column el_class=&#8221;col-txt&#8221; offset=&#8221;vc_col-md-6&#8243;][vc_column_text]A Poultry Investmentn\u00e9l az innov\u00e1ci\u00f3 mindennek az alapja. Annak \u00e9rdek\u00e9ben, hogy a baromfi\u00e1gazat \u00e9lvonal\u00e1ban maradjunk, folyamatosan t\u00f6reksz\u00fcnk term\u00e9keink \u00e9s folyamataink fejleszt\u00e9s\u00e9re. Az innov\u00e1ci\u00f3 ir\u00e1nti elk\u00f6telezetts\u00e9g\u00fcnk arra \u00f6szt\u00f6n\u00f6z minket, hogy fenntarthat\u00f3 \u00e9s \u00fajszer\u0171 megold\u00e1sokat ny\u00fajtsunk a v\u00e1ltoz\u00f3 piaci ig\u00e9nyek kiel\u00e9g\u00edt\u00e9s\u00e9re.[\/vc_column_text][\/vc_column][\/vc_row][vc_row equal_height=&#8221;yes&#8221; content_placement=&#8221;middle&#8221; el_class=&#8221;home-about-row-2 inverted&#8221;][vc_column css=&#8221;.vc_custom_1727937385137{background-image: url(https:\/\/poultryinvestment.ro\/wp-content\/uploads\/2024\/10\/raw-chicken-legs-with-salt-spices-and-herbs-2023-11-27-05-31-23-utc-scaled.jpg?id=483) !important;background-position: center !important;background-repeat: no-repeat !important;background-size: cover !important;}&#8221; el_class=&#8221;col-img&#8221; offset=&#8221;vc_col-md-6&#8243;][vc_custom_heading text=&#8221;Min\u0151s\u00e9g&#8221; font_container=&#8221;tag:h2|text_align:center&#8221; use_theme_fonts=&#8221;yes&#8221;][\/vc_column][vc_column el_class=&#8221;col-txt&#8221; offset=&#8221;vc_col-md-6&#8243;][vc_column_text]\u00dagy gondoljuk, hogy v\u00e1s\u00e1rl\u00f3ink a legjobbat \u00e9rdemlik. Term\u00e9keink a kiv\u00e9teles min\u0151s\u00e9g bizony\u00edt\u00e9kai. Ezt a precizit\u00e1sunk \u00e9s a szigor\u00fa szabv\u00e1nyok betart\u00e1sa teszi lehet\u0151v\u00e9. Minden Poultry Investment term\u00e9k fel\u00fclm\u00falja az elv\u00e1r\u00e1sokat ezen rend\u00edthetetlen min\u0151s\u00e9g ir\u00e1nti elk\u00f6telezetts\u00e9g r\u00e9v\u00e9n.[\/vc_column_text][\/vc_column][\/vc_row][vc_row equal_height=&#8221;yes&#8221; content_placement=&#8221;middle&#8221; el_class=&#8221;home-about-row-1&#8243;][vc_column width=&#8221;11\/12&#8243; css=&#8221;.vc_custom_1711725159157{background-image: url(https:\/\/poultryinvestment.ro\/wp-content\/uploads\/2024\/03\/about-us-01.jpg?id=253) !important;background-position: center !important;background-repeat: no-repeat !important;background-size: cover !important;}&#8221; el_class=&#8221;col-img&#8221; offset=&#8221;vc_col-md-6&#8243;][vc_custom_heading text=&#8221;Megb\u00edzhat\u00f3s\u00e1g&#8221; font_container=&#8221;tag:h2|text_align:center&#8221; use_theme_fonts=&#8221;yes&#8221;][\/vc_column][vc_column el_class=&#8221;col-txt&#8221; offset=&#8221;vc_col-md-6&#8243;][vc_column_text]Partnereinkkel \u00e9s v\u00e1s\u00e1rl\u00f3inkkal val\u00f3 kapcsolataink a bizalomra \u00e9s a megb\u00edzhat\u00f3s\u00e1gra \u00e9p\u00fclnek. T\u00f6reksz\u00fcnk hossz\u00fa t\u00e1v\u00fa, k\u00f6lcs\u00f6n\u00f6sen el\u0151ny\u00f6s kapcsolatok ki\u00e9p\u00edt\u00e9s\u00e9re az \u00e1tl\u00e1that\u00f3s\u00e1g, megb\u00edzhat\u00f3s\u00e1g \u00e9s hiteless\u00e9g elvei alapj\u00e1n. Ezen \u00e9rt\u00e9kek ir\u00e1nti elk\u00f6telezetts\u00e9g\u00fcnk r\u00e9v\u00e9n biztos\u00edtjuk a folyamatos el\u00e9gedetts\u00e9get \u00e9s h\u0171s\u00e9get.[\/vc_column_text][\/vc_column][\/vc_row][\/vc_section][vc_section el_class=&#8221;section-home section-slogan&#8221;][vc_row el_class=&#8221;home-brands-row&#8221;][vc_column width=&#8221;1\/6&#8243;][\/vc_column][vc_column width=&#8221;2\/3&#8243;][vc_column_text]<\/p>\n<h2 style=\"text-align: center;\"><strong>M\u00e1rk\u00e1ink<\/strong><\/h2>\n<p style=\"text-align: center;\">A Poultry Investment v\u00e1ltozatos m\u00e1rk\u00e1k portf\u00f3li\u00f3j\u00e1t k\u00e9pviseli, amelyek mindegyike a fogyaszt\u00f3k specifikus ig\u00e9nyeit el\u00e9g\u00edti ki. A pr\u00e9mium csirkeh\u00fas term\u00e9kekt\u0151l az innovat\u00edv \u00e9lelmiszer-megold\u00e1sokig, m\u00e1rk\u00e1ink a min\u0151s\u00e9g, az \u00edz \u00e9s a t\u00e1p\u00e9rt\u00e9k szinonim\u00e1i.<br \/>\nIsmerje meg \u0151ket al\u00e1bb:<\/p>\n<p>[\/vc_column_text][vc_row_inner][vc_column_inner width=&#8221;1\/3&#8243;][vc_single_image image=&#8221;1036&#8243; img_size=&#8221;full&#8221; alignment=&#8221;center&#8221; onclick=&#8221;custom_link&#8221; css=&#8221;&#8221; image_hovers=&#8221;false&#8221; lazy_loading=&#8221;true&#8221; link=&#8221;https:\/\/poultryinvestment.ro\/hu\/puiul-de-craiesti\/&#8221;][vc_custom_heading text=&#8221;Puiul de Cr\u0103ie\u015fti&#8221; font_container=&#8221;tag:h4|text_align:center&#8221; use_theme_fonts=&#8221;yes&#8221; link=&#8221;url:https%3A%2F%2Fpoultryinvestment.ro%2Fhu%2Fpuiul-de-craiesti%2F|title:Puiul%20de%20Cr%C4%83ie%C5%9Fti&#8221;][\/vc_column_inner][vc_column_inner width=&#8221;1\/3&#8243;][\/vc_column_inner][vc_column_inner width=&#8221;1\/3&#8243;][vc_single_image image=&#8221;78&#8243; img_size=&#8221;full&#8221; alignment=&#8221;center&#8221; onclick=&#8221;custom_link&#8221; image_hovers=&#8221;false&#8221; lazy_loading=&#8221;true&#8221; link=&#8221;https:\/\/poultryinvestment.ro\/hu\/szekely-csurke\/&#8221;][vc_custom_heading text=&#8221;Sz\u00e9kely Cs\u00fcrke&#8221; font_container=&#8221;tag:h4|text_align:center&#8221; use_theme_fonts=&#8221;yes&#8221; link=&#8221;url:https%3A%2F%2Fpoultryinvestment.ro%2Fhu%2Fszekely-csurke%2F|title:Sz%C3%A9kely%20Cs%C3%BCrke&#8221;][\/vc_column_inner][\/vc_row_inner][\/vc_column][vc_column width=&#8221;1\/6&#8243;][\/vc_column][\/vc_row][\/vc_section][vc_row el_class=&#8221;home-esgreport-row&#8221; el_id=&#8221;esgreport&#8221;][vc_column width=&#8221;1\/6&#8243;][\/vc_column][vc_column width=&#8221;2\/3&#8243; el_class=&#8221;col-report&#8221;][vc_column_text css=&#8221;&#8221;]<\/p>\n<h2 style=\"text-align: center;\"><strong>ESG Jelent\u00e9s 2024<\/strong><\/h2>\n<p style=\"text-align: center;\">\u00d6r\u00f6mmel mutatjuk be a Poultry Investment 2024-es ESG Jelent\u00e9s\u00e9t, amely az els\u0151, a GRI szabv\u00e1nyok szerint k\u00e9sz\u00fclt, csoportszint\u0171 jelent\u00e9s\u00fcnk. Ez \u00faj szint\u0171 \u00e1tl\u00e1that\u00f3s\u00e1got \u00e9s k\u00f6vetkezetess\u00e9get jelent m\u0171k\u00f6d\u00e9s\u00fcnkben, t\u00fckr\u00f6zve elk\u00f6telezetts\u00e9g\u00fcnket a felel\u0151s \u00e9s fenntarthat\u00f3 \u2013 gazdas\u00e1gi, t\u00e1rsadalmi \u00e9s k\u00f6rnyezeti \u2013 fejl\u0151d\u00e9s ir\u00e1nt.<\/p>\n<p style=\"text-align: center;\">A jelent\u00e9s megtekint\u00e9s\u00e9hez kattintson az al\u00e1bbi gombra<\/p>\n<p style=\"text-align: center;\"><a class=\"dt-btn\" href=\"https:\/\/poultryinvestment.ro\/wp-content\/uploads\/2025\/09\/Poultry_Investment_ESG_FINAL.pdf\" target=\"_blank\" rel=\"noopener\" download=\"\">Let\u00f6lt\u00e9s<\/a><\/p>\n<p>[\/vc_column_text][\/vc_column][vc_column width=&#8221;1\/6&#8243;][\/vc_column][\/vc_row]<\/p>\n<\/div>","protected":false},"excerpt":{"rendered":"<p>[vc_section el_class=&#8221;section-home section-slogan&#8221;][vc_row][vc_column][vc_column_text] A Poultry Investment Rom\u00e1nia baromfih\u00fas-ipar\u00e1nak egyik innovat\u00edv szerepl\u0151je. [\/vc_column_text][\/vc_column][\/vc_row][vc_row][vc_column][vc_column_text] Gy\u00f6kereink Maros, Brass\u00f3 \u00e9s Szatm\u00e1r megy\u00e9kb\u0151l erednek, ahol le\u00e1nyv\u00e1llalataink r\u00e9v\u00e9n hat\u00e1rozott jelenl\u00e9ttel b\u00fcszk\u00e9lkedhet\u00fcnk. Ami megk\u00fcl\u00f6nb\u00f6ztet minket, az az integr\u00e1lt termel\u00e9si folyamatunk, amely a takarm\u00e1nygy\u00e1rt\u00e1st\u00f3l saj\u00e1t \u00fczleth\u00e1l\u00f3zatunkig terjed. A legmodernebb technol\u00f3gi\u00e1val felszerelve elk\u00f6telezettek vagyunk a magas szint\u0171 \u00e9lelmiszerbiztons\u00e1g biztos\u00edt\u00e1sa \u00e9s a friss, kiv\u00e1l\u00f3 min\u0151s\u00e9g\u0171&hellip;<\/p>\n","protected":false},"author":1,"featured_media":0,"parent":0,"menu_order":0,"comment_status":"closed","ping_status":"closed","template":"","meta":{"_acf_changed":false,"footnotes":""},"class_list":["post-674","page","type-page","status-publish","hentry","description-off"],"acf":[],"yoast_head":"<!-- This site is optimized with the Yoast SEO plugin v25.1 - https:\/\/yoast.com\/wordpress\/plugins\/seo\/ -->\n<title>R\u00f3lunk - Poultry Investment<\/title>\n<meta name=\"robots\" content=\"index, follow, max-snippet:-1, max-image-preview:large, max-video-preview:-1\" \/>\n<link rel=\"canonical\" href=\"https:\/\/poultryinvestment.ro\/hu\/rolunk\/\" \/>\n<meta property=\"og:locale\" content=\"hu_HU\" \/>\n<meta property=\"og:type\" content=\"article\" \/>\n<meta property=\"og:title\" content=\"R\u00f3lunk - Poultry Investment\" \/>\n<meta property=\"og:description\" content=\"[vc_section el_class=&#8221;section-home section-slogan&#8221;][vc_row][vc_column][vc_column_text] A Poultry Investment Rom\u00e1nia baromfih\u00fas-ipar\u00e1nak egyik innovat\u00edv szerepl\u0151je. [\/vc_column_text][\/vc_column][\/vc_row][vc_row][vc_column][vc_column_text] Gy\u00f6kereink Maros, Brass\u00f3 \u00e9s Szatm\u00e1r megy\u00e9kb\u0151l erednek, ahol le\u00e1nyv\u00e1llalataink r\u00e9v\u00e9n hat\u00e1rozott jelenl\u00e9ttel b\u00fcszk\u00e9lkedhet\u00fcnk. Ami megk\u00fcl\u00f6nb\u00f6ztet minket, az az integr\u00e1lt termel\u00e9si folyamatunk, amely a takarm\u00e1nygy\u00e1rt\u00e1st\u00f3l saj\u00e1t \u00fczleth\u00e1l\u00f3zatunkig terjed. A legmodernebb technol\u00f3gi\u00e1val felszerelve elk\u00f6telezettek vagyunk a magas szint\u0171 \u00e9lelmiszerbiztons\u00e1g biztos\u00edt\u00e1sa \u00e9s a friss, kiv\u00e1l\u00f3 min\u0151s\u00e9g\u0171&hellip;\" \/>\n<meta property=\"og:url\" content=\"https:\/\/poultryinvestment.ro\/hu\/rolunk\/\" \/>\n<meta property=\"og:site_name\" content=\"Poultry Investment\" \/>\n<meta property=\"article:publisher\" content=\"https:\/\/www.facebook.com\/poultry.investment.team\" \/>\n<meta property=\"article:modified_time\" content=\"2026-03-09T07:28:25+00:00\" \/>\n<meta name=\"twitter:card\" content=\"summary_large_image\" \/>\n<meta name=\"twitter:label1\" content=\"Becs\u00fclt olvas\u00e1si id\u0151\" \/>\n\t<meta name=\"twitter:data1\" content=\"2 perc\" \/>\n<script type=\"application\/ld+json\" class=\"yoast-schema-graph\">{\"@context\":\"https:\/\/schema.org\",\"@graph\":[{\"@type\":\"WebPage\",\"@id\":\"https:\/\/poultryinvestment.ro\/hu\/rolunk\/\",\"url\":\"https:\/\/poultryinvestment.ro\/hu\/rolunk\/\",\"name\":\"R\u00f3lunk - Poultry Investment\",\"isPartOf\":{\"@id\":\"https:\/\/poultryinvestment.ro\/#website\"},\"datePublished\":\"2024-03-29T13:10:23+00:00\",\"dateModified\":\"2026-03-09T07:28:25+00:00\",\"breadcrumb\":{\"@id\":\"https:\/\/poultryinvestment.ro\/hu\/rolunk\/#breadcrumb\"},\"inLanguage\":\"hu\",\"potentialAction\":[{\"@type\":\"ReadAction\",\"target\":[\"https:\/\/poultryinvestment.ro\/hu\/rolunk\/\"]}]},{\"@type\":\"BreadcrumbList\",\"@id\":\"https:\/\/poultryinvestment.ro\/hu\/rolunk\/#breadcrumb\",\"itemListElement\":[{\"@type\":\"ListItem\",\"position\":1,\"name\":\"Home\",\"item\":\"https:\/\/poultryinvestment.ro\/hu\/\"},{\"@type\":\"ListItem\",\"position\":2,\"name\":\"R\u00f3lunk\"}]},{\"@type\":\"WebSite\",\"@id\":\"https:\/\/poultryinvestment.ro\/#website\",\"url\":\"https:\/\/poultryinvestment.ro\/\",\"name\":\"Poultry Investment\",\"description\":\"\",\"publisher\":{\"@id\":\"https:\/\/poultryinvestment.ro\/#organization\"},\"potentialAction\":[{\"@type\":\"SearchAction\",\"target\":{\"@type\":\"EntryPoint\",\"urlTemplate\":\"https:\/\/poultryinvestment.ro\/?s={search_term_string}\"},\"query-input\":{\"@type\":\"PropertyValueSpecification\",\"valueRequired\":true,\"valueName\":\"search_term_string\"}}],\"inLanguage\":\"hu\"},{\"@type\":\"Organization\",\"@id\":\"https:\/\/poultryinvestment.ro\/#organization\",\"name\":\"Poultry Investment\",\"url\":\"https:\/\/poultryinvestment.ro\/\",\"logo\":{\"@type\":\"ImageObject\",\"inLanguage\":\"hu\",\"@id\":\"https:\/\/poultryinvestment.ro\/#\/schema\/logo\/image\/\",\"url\":\"https:\/\/poultryinvestment.ro\/wp-content\/uploads\/2023\/11\/poultry-logo-comingsoon-s.png\",\"contentUrl\":\"https:\/\/poultryinvestment.ro\/wp-content\/uploads\/2023\/11\/poultry-logo-comingsoon-s.png\",\"width\":500,\"height\":354,\"caption\":\"Poultry Investment\"},\"image\":{\"@id\":\"https:\/\/poultryinvestment.ro\/#\/schema\/logo\/image\/\"},\"sameAs\":[\"https:\/\/www.facebook.com\/poultry.investment.team\",\"https:\/\/ro.linkedin.com\/company\/poultry-investment\"]}]}<\/script>\n<!-- \/ Yoast SEO plugin. -->","yoast_head_json":{"title":"R\u00f3lunk - Poultry Investment","robots":{"index":"index","follow":"follow","max-snippet":"max-snippet:-1","max-image-preview":"max-image-preview:large","max-video-preview":"max-video-preview:-1"},"canonical":"https:\/\/poultryinvestment.ro\/hu\/rolunk\/","og_locale":"hu_HU","og_type":"article","og_title":"R\u00f3lunk - Poultry Investment","og_description":"[vc_section el_class=&#8221;section-home section-slogan&#8221;][vc_row][vc_column][vc_column_text] A Poultry Investment Rom\u00e1nia baromfih\u00fas-ipar\u00e1nak egyik innovat\u00edv szerepl\u0151je. [\/vc_column_text][\/vc_column][\/vc_row][vc_row][vc_column][vc_column_text] Gy\u00f6kereink Maros, Brass\u00f3 \u00e9s Szatm\u00e1r megy\u00e9kb\u0151l erednek, ahol le\u00e1nyv\u00e1llalataink r\u00e9v\u00e9n hat\u00e1rozott jelenl\u00e9ttel b\u00fcszk\u00e9lkedhet\u00fcnk. Ami megk\u00fcl\u00f6nb\u00f6ztet minket, az az integr\u00e1lt termel\u00e9si folyamatunk, amely a takarm\u00e1nygy\u00e1rt\u00e1st\u00f3l saj\u00e1t \u00fczleth\u00e1l\u00f3zatunkig terjed. A legmodernebb technol\u00f3gi\u00e1val felszerelve elk\u00f6telezettek vagyunk a magas szint\u0171 \u00e9lelmiszerbiztons\u00e1g biztos\u00edt\u00e1sa \u00e9s a friss, kiv\u00e1l\u00f3 min\u0151s\u00e9g\u0171&hellip;","og_url":"https:\/\/poultryinvestment.ro\/hu\/rolunk\/","og_site_name":"Poultry Investment","article_publisher":"https:\/\/www.facebook.com\/poultry.investment.team","article_modified_time":"2026-03-09T07:28:25+00:00","twitter_card":"summary_large_image","twitter_misc":{"Becs\u00fclt olvas\u00e1si id\u0151":"2 perc"},"schema":{"@context":"https:\/\/schema.org","@graph":[{"@type":"WebPage","@id":"https:\/\/poultryinvestment.ro\/hu\/rolunk\/","url":"https:\/\/poultryinvestment.ro\/hu\/rolunk\/","name":"R\u00f3lunk - Poultry Investment","isPartOf":{"@id":"https:\/\/poultryinvestment.ro\/#website"},"datePublished":"2024-03-29T13:10:23+00:00","dateModified":"2026-03-09T07:28:25+00:00","breadcrumb":{"@id":"https:\/\/poultryinvestment.ro\/hu\/rolunk\/#breadcrumb"},"inLanguage":"hu","potentialAction":[{"@type":"ReadAction","target":["https:\/\/poultryinvestment.ro\/hu\/rolunk\/"]}]},{"@type":"BreadcrumbList","@id":"https:\/\/poultryinvestment.ro\/hu\/rolunk\/#breadcrumb","itemListElement":[{"@type":"ListItem","position":1,"name":"Home","item":"https:\/\/poultryinvestment.ro\/hu\/"},{"@type":"ListItem","position":2,"name":"R\u00f3lunk"}]},{"@type":"WebSite","@id":"https:\/\/poultryinvestment.ro\/#website","url":"https:\/\/poultryinvestment.ro\/","name":"Poultry Investment","description":"","publisher":{"@id":"https:\/\/poultryinvestment.ro\/#organization"},"potentialAction":[{"@type":"SearchAction","target":{"@type":"EntryPoint","urlTemplate":"https:\/\/poultryinvestment.ro\/?s={search_term_string}"},"query-input":{"@type":"PropertyValueSpecification","valueRequired":true,"valueName":"search_term_string"}}],"inLanguage":"hu"},{"@type":"Organization","@id":"https:\/\/poultryinvestment.ro\/#organization","name":"Poultry Investment","url":"https:\/\/poultryinvestment.ro\/","logo":{"@type":"ImageObject","inLanguage":"hu","@id":"https:\/\/poultryinvestment.ro\/#\/schema\/logo\/image\/","url":"https:\/\/poultryinvestment.ro\/wp-content\/uploads\/2023\/11\/poultry-logo-comingsoon-s.png","contentUrl":"https:\/\/poultryinvestment.ro\/wp-content\/uploads\/2023\/11\/poultry-logo-comingsoon-s.png","width":500,"height":354,"caption":"Poultry Investment"},"image":{"@id":"https:\/\/poultryinvestment.ro\/#\/schema\/logo\/image\/"},"sameAs":["https:\/\/www.facebook.com\/poultry.investment.team","https:\/\/ro.linkedin.com\/company\/poultry-investment"]}]}},"_links":{"self":[{"href":"https:\/\/poultryinvestment.ro\/hu\/wp-json\/wp\/v2\/pages\/674","targetHints":{"allow":["GET"]}}],"collection":[{"href":"https:\/\/poultryinvestment.ro\/hu\/wp-json\/wp\/v2\/pages"}],"about":[{"href":"https:\/\/poultryinvestment.ro\/hu\/wp-json\/wp\/v2\/types\/page"}],"author":[{"embeddable":true,"href":"https:\/\/poultryinvestment.ro\/hu\/wp-json\/wp\/v2\/users\/1"}],"replies":[{"embeddable":true,"href":"https:\/\/poultryinvestment.ro\/hu\/wp-json\/wp\/v2\/comments?post=674"}],"version-history":[{"count":11,"href":"https:\/\/poultryinvestment.ro\/hu\/wp-json\/wp\/v2\/pages\/674\/revisions"}],"predecessor-version":[{"id":1055,"href":"https:\/\/poultryinvestment.ro\/hu\/wp-json\/wp\/v2\/pages\/674\/revisions\/1055"}],"wp:attachment":[{"href":"https:\/\/poultryinvestment.ro\/hu\/wp-json\/wp\/v2\/media?parent=674"}],"curies":[{"name":"wp","href":"https:\/\/api.w.org\/{rel}","templated":true}]}}