{"id":683,"date":"2024-04-01T09:56:18","date_gmt":"2024-04-01T09:56:18","guid":{"rendered":"https:\/\/poultryinvestment.ro\/szekely-csurke\/"},"modified":"2026-03-09T08:13:32","modified_gmt":"2026-03-09T08:13:32","slug":"szekely-csurke","status":"publish","type":"page","link":"https:\/\/poultryinvestment.ro\/hu\/szekely-csurke\/","title":{"rendered":"Sz\u00e9kely Cs\u00fcrke"},"content":{"rendered":"<div class=\"wpb-content-wrapper\"><p>[vc_row full_width=&#8221;stretch_row&#8221; el_class=&#8221;row-banner-inner row-top-csurke&#8221; css=&#8221;.vc_custom_1711966062526{background-image: url(https:\/\/poultryinvestment.ro\/wp-content\/uploads\/2024\/04\/bg-top-csurke.jpg?id=325) !important;}&#8221;][vc_column][\/vc_column][\/vc_row][vc_section el_class=&#8221;section-home section-slogan&#8221;][vc_row][vc_column][vc_column_text]<\/p>\n<h2 style=\"text-align: center;\">A kiv\u00e1l\u00f3 min\u0151s\u00e9g\u0171 h\u00fascsirk\u00e9k nemcsak nev\u00fckben sz\u00e9kelyek: a gabon\u00e1t\u00f3l \u00e9s takarm\u00e1nyt\u00f3l kezdve a nevel\u00e9s hely\u00e9ig \u00e9s a szem\u00e9lyzetig minden \u00e9s mindenki sz\u00e9kely, barcas\u00e1gi vagy legal\u00e1bb erd\u00e9lyi.<\/h2>\n<p>[\/vc_column_text][\/vc_column][\/vc_row][\/vc_section][vc_row full_width=&#8221;stretch_row&#8221; el_class=&#8221;row-banner-inner&#8221; css=&#8221;.vc_custom_1712643193320{background-image: url(https:\/\/poultryinvestment.ro\/wp-content\/uploads\/2024\/04\/banner-puiul-middle.jpg?id=338) !important;background-position: center !important;background-repeat: no-repeat !important;background-size: cover !important;}&#8221;][vc_column][\/vc_column][\/vc_row][vc_section el_class=&#8221;section-home section-slogan&#8221;][vc_row][vc_column][vc_column_text]<\/p>\n<p style=\"text-align: center;\">Mi vagyunk az egyetlenek a r\u00e9gi\u00f3ban, akik a teljes ell\u00e1t\u00e1si l\u00e1ncot helyi \u00e9rt\u00e9kekre alapozva m\u0171k\u00f6dtetj\u00fck: helyi gazd\u00e1kkal egy\u00fcttm\u0171k\u00f6dve v\u00e1s\u00e1rolunk helyben termesztett gabon\u00e1t, t\u00e1roljuk, majd saj\u00e1t szentp\u00e1li takarm\u00e1nykever\u0151nkben kiv\u00e1l\u00f3 min\u0151s\u00e9g\u0171 takarm\u00e1nny\u00e1 keverj\u00fck, amelyet saj\u00e1t farmjainkon nevelt csirk\u00e9kkel etet\u00fcnk, modern v\u00e1g\u00f3h\u00eddon lev\u00e1gjuk \u00e9s csomagoljuk \u0151ket, majd frissen, helyben \u00e9rt\u00e9kes\u00edtj\u00fck Maros, Hargita \u00e9s Kov\u00e1szna megy\u00e9kben.<\/p>\n<p>[\/vc_column_text][\/vc_column][\/vc_row][vc_row][vc_column][vc_custom_heading text=&#8221;Term\u00e9keink&#8221; font_container=&#8221;tag:h2|text_align:center|color:%23467675&#8243; use_theme_fonts=&#8221;yes&#8221;][\/vc_column][\/vc_row][vc_row gap=&#8221;35&#8243; el_class=&#8221;row-products-inner row-products-rounded&#8221;][vc_column width=&#8221;1\/3&#8243;][vc_single_image image=&#8221;1066&#8243; img_size=&#8221;full&#8221; alignment=&#8221;center&#8221; css=&#8221;&#8221; lazy_loading=&#8221;true&#8221;][vc_custom_heading text=&#8221;Alap term\u00e9kcsal\u00e1d&#8221; font_container=&#8221;tag:h4|text_align:center&#8221; use_theme_fonts=&#8221;yes&#8221; css=&#8221;&#8221;][vc_column_text css=&#8221;&#8221;]<\/p>\n<p style=\"text-align: center;\">A sz\u00e9kelyf\u00f6ldi \u00edzek k\u00f6sz\u00f6nnek vissza a leg\u00edzletesebb csirkeh\u00fasban.<\/p>\n<p>[\/vc_column_text][\/vc_column][vc_column width=&#8221;1\/3&#8243;][vc_single_image image=&#8221;1063&#8243; img_size=&#8221;full&#8221; alignment=&#8221;center&#8221; css=&#8221;&#8221; lazy_loading=&#8221;true&#8221;][vc_custom_heading text=&#8221;Antibiotikummentes term\u00e9kcsal\u00e1d&#8221; font_container=&#8221;tag:h4|text_align:center&#8221; use_theme_fonts=&#8221;yes&#8221; css=&#8221;&#8221;][vc_column_text css=&#8221;&#8221;]<\/p>\n<p style=\"text-align: center;\">Az igazoltan antibiotikum n\u00e9lk\u00fcli Sz\u00e9kely Cs\u00fcrke m\u00f6g\u00f6tt teljes kontroll van. Nem az\u00e9rt antibiotikum-mentes, mert r\u00e1 van \u00edrva. Hanem mert nincs r\u00e1 sz\u00fcks\u00e9g.<\/p>\n<p>[\/vc_column_text][\/vc_column][vc_column width=&#8221;1\/3&#8243;][vc_single_image image=&#8221;1069&#8243; img_size=&#8221;full&#8221; alignment=&#8221;center&#8221; css=&#8221;&#8221; lazy_loading=&#8221;true&#8221;][vc_custom_heading text=&#8221;Roppant term\u00e9kcsal\u00e1d&#8221; font_container=&#8221;tag:h4|text_align:center&#8221; use_theme_fonts=&#8221;yes&#8221; css=&#8221;&#8221;][vc_column_text css=&#8221;&#8221;]<\/p>\n<p style=\"text-align: center;\">Pr\u00e9mium h\u00fasok, t\u00f6k\u00e9letes pan\u00edr, roppan\u00e1s garant\u00e1lva.<\/p>\n<p>[\/vc_column_text][\/vc_column][\/vc_row][\/vc_section][vc_section el_class=&#8221;section-home section-slogan section-follow&#8221;][vc_row][vc_column width=&#8221;2\/3&#8243;][vc_column_text]<\/p>\n<h2>K\u00f6vesd a Sz\u00e9kely Cs\u00fcrk\u00e9t<\/h2>\n<p>[\/vc_column_text][\/vc_column][vc_column width=&#8221;1\/3&#8243; el_class=&#8221;col-icons&#8221;][vc_icon icon_fontawesome=&#8221;fab fa-facebook-f&#8221; color=&#8221;white&#8221; align=&#8221;right&#8221; link=&#8221;url:https%3A%2F%2Fwww.facebook.com%2Fszekelycsurke|target:_blank&#8221;][vc_icon icon_fontawesome=&#8221;fab fa-instagram&#8221; color=&#8221;white&#8221; align=&#8221;right&#8221; link=&#8221;url:https%3A%2F%2Fwww.instagram.com%2Fszekelycsurke%2F%20|target:_blank&#8221;][vc_icon type=&#8221;the7&#8243; icon_the7=&#8221;fab fa-tiktok&#8221; color=&#8221;white&#8221; align=&#8221;right&#8221; link=&#8221;url:https%3A%2F%2Fwww.tiktok.com%2F%40szekelycsurke|target:_blank&#8221;][vc_icon icon_fontawesome=&#8221;fas fa-globe&#8221; color=&#8221;white&#8221; align=&#8221;right&#8221; link=&#8221;url:https%3A%2F%2Fszekelycsurke.ro%2F|target:_blank&#8221;][\/vc_column][\/vc_row][\/vc_section]<\/p>\n<\/div>","protected":false},"excerpt":{"rendered":"<p>[vc_row full_width=&#8221;stretch_row&#8221; el_class=&#8221;row-banner-inner row-top-csurke&#8221; css=&#8221;.vc_custom_1711966062526{background-image: url(https:\/\/poultryinvestment.ro\/wp-content\/uploads\/2024\/04\/bg-top-csurke.jpg?id=325) !important;}&#8221;][vc_column][\/vc_column][\/vc_row][vc_section el_class=&#8221;section-home section-slogan&#8221;][vc_row][vc_column][vc_column_text] A kiv\u00e1l\u00f3 min\u0151s\u00e9g\u0171 h\u00fascsirk\u00e9k nemcsak nev\u00fckben sz\u00e9kelyek: a gabon\u00e1t\u00f3l \u00e9s takarm\u00e1nyt\u00f3l kezdve a nevel\u00e9s hely\u00e9ig \u00e9s a szem\u00e9lyzetig minden \u00e9s mindenki sz\u00e9kely, barcas\u00e1gi vagy legal\u00e1bb erd\u00e9lyi. [\/vc_column_text][\/vc_column][\/vc_row][\/vc_section][vc_row full_width=&#8221;stretch_row&#8221; el_class=&#8221;row-banner-inner&#8221; css=&#8221;.vc_custom_1712643193320{background-image: url(https:\/\/poultryinvestment.ro\/wp-content\/uploads\/2024\/04\/banner-puiul-middle.jpg?id=338) !important;background-position: center !important;background-repeat: no-repeat !important;background-size: cover !important;}&#8221;][vc_column][\/vc_column][\/vc_row][vc_section el_class=&#8221;section-home section-slogan&#8221;][vc_row][vc_column][vc_column_text] Mi vagyunk az egyetlenek a r\u00e9gi\u00f3ban,&hellip;<\/p>\n","protected":false},"author":1,"featured_media":0,"parent":0,"menu_order":0,"comment_status":"closed","ping_status":"closed","template":"","meta":{"_acf_changed":false,"footnotes":""},"class_list":["post-683","page","type-page","status-publish","hentry","description-off"],"acf":[],"yoast_head":"<!-- This site is optimized with the Yoast SEO plugin v25.1 - https:\/\/yoast.com\/wordpress\/plugins\/seo\/ -->\n<title>Sz\u00e9kely Cs\u00fcrke - Poultry Investment<\/title>\n<meta name=\"robots\" content=\"index, follow, max-snippet:-1, max-image-preview:large, max-video-preview:-1\" \/>\n<link rel=\"canonical\" href=\"https:\/\/poultryinvestment.ro\/hu\/szekely-csurke\/\" \/>\n<meta property=\"og:locale\" content=\"hu_HU\" \/>\n<meta property=\"og:type\" content=\"article\" \/>\n<meta property=\"og:title\" content=\"Sz\u00e9kely Cs\u00fcrke - Poultry Investment\" \/>\n<meta property=\"og:description\" content=\"[vc_row full_width=&#8221;stretch_row&#8221; el_class=&#8221;row-banner-inner row-top-csurke&#8221; css=&#8221;.vc_custom_1711966062526{background-image: url(https:\/\/poultryinvestment.ro\/wp-content\/uploads\/2024\/04\/bg-top-csurke.jpg?id=325) !important;}&#8221;][vc_column][\/vc_column][\/vc_row][vc_section el_class=&#8221;section-home section-slogan&#8221;][vc_row][vc_column][vc_column_text] A kiv\u00e1l\u00f3 min\u0151s\u00e9g\u0171 h\u00fascsirk\u00e9k nemcsak nev\u00fckben sz\u00e9kelyek: a gabon\u00e1t\u00f3l \u00e9s takarm\u00e1nyt\u00f3l kezdve a nevel\u00e9s hely\u00e9ig \u00e9s a szem\u00e9lyzetig minden \u00e9s mindenki sz\u00e9kely, barcas\u00e1gi vagy legal\u00e1bb erd\u00e9lyi. [\/vc_column_text][\/vc_column][\/vc_row][\/vc_section][vc_row full_width=&#8221;stretch_row&#8221; el_class=&#8221;row-banner-inner&#8221; css=&#8221;.vc_custom_1712643193320{background-image: url(https:\/\/poultryinvestment.ro\/wp-content\/uploads\/2024\/04\/banner-puiul-middle.jpg?id=338) !important;background-position: center !important;background-repeat: no-repeat !important;background-size: cover !important;}&#8221;][vc_column][\/vc_column][\/vc_row][vc_section el_class=&#8221;section-home section-slogan&#8221;][vc_row][vc_column][vc_column_text] Mi vagyunk az egyetlenek a r\u00e9gi\u00f3ban,&hellip;\" \/>\n<meta property=\"og:url\" content=\"https:\/\/poultryinvestment.ro\/hu\/szekely-csurke\/\" \/>\n<meta property=\"og:site_name\" content=\"Poultry Investment\" \/>\n<meta property=\"article:publisher\" content=\"https:\/\/www.facebook.com\/poultry.investment.team\" \/>\n<meta property=\"article:modified_time\" content=\"2026-03-09T08:13:32+00:00\" \/>\n<meta name=\"twitter:card\" content=\"summary_large_image\" \/>\n<meta name=\"twitter:label1\" content=\"Becs\u00fclt olvas\u00e1si id\u0151\" \/>\n\t<meta name=\"twitter:data1\" content=\"2 perc\" \/>\n<script type=\"application\/ld+json\" class=\"yoast-schema-graph\">{\"@context\":\"https:\/\/schema.org\",\"@graph\":[{\"@type\":\"WebPage\",\"@id\":\"https:\/\/poultryinvestment.ro\/hu\/szekely-csurke\/\",\"url\":\"https:\/\/poultryinvestment.ro\/hu\/szekely-csurke\/\",\"name\":\"Sz\u00e9kely Cs\u00fcrke - Poultry Investment\",\"isPartOf\":{\"@id\":\"https:\/\/poultryinvestment.ro\/#website\"},\"datePublished\":\"2024-04-01T09:56:18+00:00\",\"dateModified\":\"2026-03-09T08:13:32+00:00\",\"breadcrumb\":{\"@id\":\"https:\/\/poultryinvestment.ro\/hu\/szekely-csurke\/#breadcrumb\"},\"inLanguage\":\"hu\",\"potentialAction\":[{\"@type\":\"ReadAction\",\"target\":[\"https:\/\/poultryinvestment.ro\/hu\/szekely-csurke\/\"]}]},{\"@type\":\"BreadcrumbList\",\"@id\":\"https:\/\/poultryinvestment.ro\/hu\/szekely-csurke\/#breadcrumb\",\"itemListElement\":[{\"@type\":\"ListItem\",\"position\":1,\"name\":\"Home\",\"item\":\"https:\/\/poultryinvestment.ro\/hu\/\"},{\"@type\":\"ListItem\",\"position\":2,\"name\":\"Sz\u00e9kely Cs\u00fcrke\"}]},{\"@type\":\"WebSite\",\"@id\":\"https:\/\/poultryinvestment.ro\/#website\",\"url\":\"https:\/\/poultryinvestment.ro\/\",\"name\":\"Poultry Investment\",\"description\":\"\",\"publisher\":{\"@id\":\"https:\/\/poultryinvestment.ro\/#organization\"},\"potentialAction\":[{\"@type\":\"SearchAction\",\"target\":{\"@type\":\"EntryPoint\",\"urlTemplate\":\"https:\/\/poultryinvestment.ro\/?s={search_term_string}\"},\"query-input\":{\"@type\":\"PropertyValueSpecification\",\"valueRequired\":true,\"valueName\":\"search_term_string\"}}],\"inLanguage\":\"hu\"},{\"@type\":\"Organization\",\"@id\":\"https:\/\/poultryinvestment.ro\/#organization\",\"name\":\"Poultry Investment\",\"url\":\"https:\/\/poultryinvestment.ro\/\",\"logo\":{\"@type\":\"ImageObject\",\"inLanguage\":\"hu\",\"@id\":\"https:\/\/poultryinvestment.ro\/#\/schema\/logo\/image\/\",\"url\":\"https:\/\/poultryinvestment.ro\/wp-content\/uploads\/2023\/11\/poultry-logo-comingsoon-s.png\",\"contentUrl\":\"https:\/\/poultryinvestment.ro\/wp-content\/uploads\/2023\/11\/poultry-logo-comingsoon-s.png\",\"width\":500,\"height\":354,\"caption\":\"Poultry Investment\"},\"image\":{\"@id\":\"https:\/\/poultryinvestment.ro\/#\/schema\/logo\/image\/\"},\"sameAs\":[\"https:\/\/www.facebook.com\/poultry.investment.team\",\"https:\/\/ro.linkedin.com\/company\/poultry-investment\"]}]}<\/script>\n<!-- \/ Yoast SEO plugin. -->","yoast_head_json":{"title":"Sz\u00e9kely Cs\u00fcrke - Poultry Investment","robots":{"index":"index","follow":"follow","max-snippet":"max-snippet:-1","max-image-preview":"max-image-preview:large","max-video-preview":"max-video-preview:-1"},"canonical":"https:\/\/poultryinvestment.ro\/hu\/szekely-csurke\/","og_locale":"hu_HU","og_type":"article","og_title":"Sz\u00e9kely Cs\u00fcrke - Poultry Investment","og_description":"[vc_row full_width=&#8221;stretch_row&#8221; el_class=&#8221;row-banner-inner row-top-csurke&#8221; css=&#8221;.vc_custom_1711966062526{background-image: url(https:\/\/poultryinvestment.ro\/wp-content\/uploads\/2024\/04\/bg-top-csurke.jpg?id=325) !important;}&#8221;][vc_column][\/vc_column][\/vc_row][vc_section el_class=&#8221;section-home section-slogan&#8221;][vc_row][vc_column][vc_column_text] A kiv\u00e1l\u00f3 min\u0151s\u00e9g\u0171 h\u00fascsirk\u00e9k nemcsak nev\u00fckben sz\u00e9kelyek: a gabon\u00e1t\u00f3l \u00e9s takarm\u00e1nyt\u00f3l kezdve a nevel\u00e9s hely\u00e9ig \u00e9s a szem\u00e9lyzetig minden \u00e9s mindenki sz\u00e9kely, barcas\u00e1gi vagy legal\u00e1bb erd\u00e9lyi. [\/vc_column_text][\/vc_column][\/vc_row][\/vc_section][vc_row full_width=&#8221;stretch_row&#8221; el_class=&#8221;row-banner-inner&#8221; css=&#8221;.vc_custom_1712643193320{background-image: url(https:\/\/poultryinvestment.ro\/wp-content\/uploads\/2024\/04\/banner-puiul-middle.jpg?id=338) !important;background-position: center !important;background-repeat: no-repeat !important;background-size: cover !important;}&#8221;][vc_column][\/vc_column][\/vc_row][vc_section el_class=&#8221;section-home section-slogan&#8221;][vc_row][vc_column][vc_column_text] Mi vagyunk az egyetlenek a r\u00e9gi\u00f3ban,&hellip;","og_url":"https:\/\/poultryinvestment.ro\/hu\/szekely-csurke\/","og_site_name":"Poultry Investment","article_publisher":"https:\/\/www.facebook.com\/poultry.investment.team","article_modified_time":"2026-03-09T08:13:32+00:00","twitter_card":"summary_large_image","twitter_misc":{"Becs\u00fclt olvas\u00e1si id\u0151":"2 perc"},"schema":{"@context":"https:\/\/schema.org","@graph":[{"@type":"WebPage","@id":"https:\/\/poultryinvestment.ro\/hu\/szekely-csurke\/","url":"https:\/\/poultryinvestment.ro\/hu\/szekely-csurke\/","name":"Sz\u00e9kely Cs\u00fcrke - Poultry Investment","isPartOf":{"@id":"https:\/\/poultryinvestment.ro\/#website"},"datePublished":"2024-04-01T09:56:18+00:00","dateModified":"2026-03-09T08:13:32+00:00","breadcrumb":{"@id":"https:\/\/poultryinvestment.ro\/hu\/szekely-csurke\/#breadcrumb"},"inLanguage":"hu","potentialAction":[{"@type":"ReadAction","target":["https:\/\/poultryinvestment.ro\/hu\/szekely-csurke\/"]}]},{"@type":"BreadcrumbList","@id":"https:\/\/poultryinvestment.ro\/hu\/szekely-csurke\/#breadcrumb","itemListElement":[{"@type":"ListItem","position":1,"name":"Home","item":"https:\/\/poultryinvestment.ro\/hu\/"},{"@type":"ListItem","position":2,"name":"Sz\u00e9kely Cs\u00fcrke"}]},{"@type":"WebSite","@id":"https:\/\/poultryinvestment.ro\/#website","url":"https:\/\/poultryinvestment.ro\/","name":"Poultry Investment","description":"","publisher":{"@id":"https:\/\/poultryinvestment.ro\/#organization"},"potentialAction":[{"@type":"SearchAction","target":{"@type":"EntryPoint","urlTemplate":"https:\/\/poultryinvestment.ro\/?s={search_term_string}"},"query-input":{"@type":"PropertyValueSpecification","valueRequired":true,"valueName":"search_term_string"}}],"inLanguage":"hu"},{"@type":"Organization","@id":"https:\/\/poultryinvestment.ro\/#organization","name":"Poultry Investment","url":"https:\/\/poultryinvestment.ro\/","logo":{"@type":"ImageObject","inLanguage":"hu","@id":"https:\/\/poultryinvestment.ro\/#\/schema\/logo\/image\/","url":"https:\/\/poultryinvestment.ro\/wp-content\/uploads\/2023\/11\/poultry-logo-comingsoon-s.png","contentUrl":"https:\/\/poultryinvestment.ro\/wp-content\/uploads\/2023\/11\/poultry-logo-comingsoon-s.png","width":500,"height":354,"caption":"Poultry Investment"},"image":{"@id":"https:\/\/poultryinvestment.ro\/#\/schema\/logo\/image\/"},"sameAs":["https:\/\/www.facebook.com\/poultry.investment.team","https:\/\/ro.linkedin.com\/company\/poultry-investment"]}]}},"_links":{"self":[{"href":"https:\/\/poultryinvestment.ro\/hu\/wp-json\/wp\/v2\/pages\/683","targetHints":{"allow":["GET"]}}],"collection":[{"href":"https:\/\/poultryinvestment.ro\/hu\/wp-json\/wp\/v2\/pages"}],"about":[{"href":"https:\/\/poultryinvestment.ro\/hu\/wp-json\/wp\/v2\/types\/page"}],"author":[{"embeddable":true,"href":"https:\/\/poultryinvestment.ro\/hu\/wp-json\/wp\/v2\/users\/1"}],"replies":[{"embeddable":true,"href":"https:\/\/poultryinvestment.ro\/hu\/wp-json\/wp\/v2\/comments?post=683"}],"version-history":[{"count":4,"href":"https:\/\/poultryinvestment.ro\/hu\/wp-json\/wp\/v2\/pages\/683\/revisions"}],"predecessor-version":[{"id":1072,"href":"https:\/\/poultryinvestment.ro\/hu\/wp-json\/wp\/v2\/pages\/683\/revisions\/1072"}],"wp:attachment":[{"href":"https:\/\/poultryinvestment.ro\/hu\/wp-json\/wp\/v2\/media?parent=683"}],"curies":[{"name":"wp","href":"https:\/\/api.w.org\/{rel}","templated":true}]}}