{"id":690,"date":"2024-02-27T14:42:35","date_gmt":"2024-02-27T14:42:35","guid":{"rendered":"https:\/\/poultryinvestment.ro\/echipa\/"},"modified":"2025-08-06T07:33:37","modified_gmt":"2025-08-06T07:33:37","slug":"csapat","status":"publish","type":"page","link":"https:\/\/poultryinvestment.ro\/hu\/csapat\/","title":{"rendered":"Csapat"},"content":{"rendered":"<div class=\"wpb-content-wrapper\"><p>[vc_row full_width=&#8221;stretch_row&#8221; full_height=&#8221;yes&#8221; css=&#8221;.vc_custom_1709111769320{background-image: url(https:\/\/poultryinvestment.ro\/wp-content\/uploads\/2024\/02\/bg-hero-team.jpg?id=106) !important;background-position: center !important;background-repeat: no-repeat !important;background-size: cover !important;}&#8221; el_id=&#8221;teamHero&#8221;][vc_column][vc_single_image image=&#8221;108&#8243; img_size=&#8221;full&#8221; alignment=&#8221;center&#8221;][\/vc_column][\/vc_row][vc_section el_class=&#8221;section-home section-slogan&#8221;][vc_row][vc_column][vc_column_text]<\/p>\n<h2 style=\"text-align: center;\">A Poultry Investment Rom\u00e1nia baromfih\u00fas-ipar\u00e1nak egyik vezet\u0151 v\u00e1llalata, ahol t\u00f6bb mint 800 elk\u00f6telezett munkat\u00e1rs dolgozik szenved\u00e9llyel, k\u00f6z\u00f6s siker\u00fcnk\u00e9rt.<\/h2>\n<p>[\/vc_column_text][\/vc_column][\/vc_row][\/vc_section][vc_row full_width=&#8221;stretch_row_content&#8221; equal_height=&#8221;yes&#8221; content_placement=&#8221;middle&#8221; el_class=&#8221;team-about&#8221;][vc_column width=&#8221;1\/2&#8243; el_class=&#8221;col-txt&#8221;][vc_column_text]K\u00fcldet\u00e9s\u00fcnk k\u00f6z\u00e9ppontj\u00e1ban <b>az emberek \u00e1llnak<\/b>, \u00e9s v\u00e1llalati kult\u00far\u00e1nkat a <b>megb\u00edzhat\u00f3s\u00e1g, tisztess\u00e9g \u00e9s stabilit\u00e1s<\/b> alapelvei hat\u00e1rozz\u00e1k meg. Ezek vez\u00e9relnek minket abban, hogy <b>az egyik legvonz\u00f3bb munkaad\u00f3v\u00e1 v\u00e1ljunk<\/b> az ipar\u00e1gban.[\/vc_column_text]<style type=\"text\/css\" data-type=\"the7_shortcodes-inline-css\">#default-btn-e57d14eae9b4a9609bf2124989f69f26.ico-right-side > i {\n  margin-right: 0px;\n  margin-left: 8px;\n}\n#default-btn-e57d14eae9b4a9609bf2124989f69f26 > i {\n  margin-right: 8px;\n}\n<\/style><div class=\"btn-align-center\"><a href=\"\/cariere\/\" class=\"default-btn-shortcode dt-btn dt-btn-l link-hover-off btn-white \" id=\"default-btn-e57d14eae9b4a9609bf2124989f69f26\" title=\"Jobs\"><span>KARRIER<\/span><\/a><\/div>[\/vc_column][vc_column width=&#8221;1\/2&#8243; css=&#8221;.vc_custom_1709046097748{background-image: url(https:\/\/poultryinvestment.ro\/wp-content\/uploads\/2024\/02\/bg-team-about.jpg?id=111) !important;background-position: center !important;background-repeat: no-repeat !important;background-size: cover !important;}&#8221; el_class=&#8221;col-img&#8221;][\/vc_column][\/vc_row][vc_row el_class=&#8221;section-home team-list-jobs&#8221;][vc_column][vc_custom_heading text=&#8221;\u00c1ll\u00e1slehet\u0151s\u00e9gek&#8221; font_container=&#8221;tag:h2|text_align:center&#8221; use_theme_fonts=&#8221;yes&#8221;][vc_basic_grid post_type=&#8221;jobs&#8221; max_items=&#8221;3&#8243; gap=&#8221;35&#8243; item=&#8221;142&#8243; grid_id=&#8221;vc_gid:1754465587488-7fa37591-52f6-0&#8243; taxonomies=&#8221;2&#8243;]<style type=\"text\/css\" data-type=\"the7_shortcodes-inline-css\">#default-btn-1e785c71700fb2aebbaf3e8876071467.ico-right-side > i {\n  margin-right: 0px;\n  margin-left: 8px;\n}\n#default-btn-1e785c71700fb2aebbaf3e8876071467 > i {\n  margin-right: 8px;\n}\n<\/style><div class=\"btn-align-center\"><a href=\"\/cariere\/\" class=\"default-btn-shortcode dt-btn dt-btn-l link-hover-off \" id=\"default-btn-1e785c71700fb2aebbaf3e8876071467\" title=\"Jobs\"><span>AZ \u00d6SSZES \u00c1LL\u00c1S MEGTEKINT\u00c9SE<\/span><\/a><\/div>[\/vc_column][\/vc_row][vc_row full_width=&#8221;stretch_row&#8221; el_class=&#8221;team-bottom-hero&#8221; css=&#8221;.vc_custom_1754465613829{background-image: url(https:\/\/poultryinvestment.ro\/wp-content\/uploads\/2025\/08\/img-team-building.webp?id=809) !important;background-position: center !important;background-repeat: no-repeat !important;background-size: cover !important;}&#8221;][vc_column][vc_custom_heading text=&#8221;Biztons\u00e1gos munkak\u00f6rnyezet.&#8221; font_container=&#8221;tag:h2|text_align:center&#8221; use_theme_fonts=&#8221;yes&#8221;][\/vc_column][\/vc_row]<\/p>\n<\/div>","protected":false},"excerpt":{"rendered":"<p>[vc_row full_width=&#8221;stretch_row&#8221; full_height=&#8221;yes&#8221; css=&#8221;.vc_custom_1709111769320{background-image: url(https:\/\/poultryinvestment.ro\/wp-content\/uploads\/2024\/02\/bg-hero-team.jpg?id=106) !important;background-position: center !important;background-repeat: no-repeat !important;background-size: cover !important;}&#8221; el_id=&#8221;teamHero&#8221;][vc_column][vc_single_image image=&#8221;108&#8243; img_size=&#8221;full&#8221; alignment=&#8221;center&#8221;][\/vc_column][\/vc_row][vc_section el_class=&#8221;section-home section-slogan&#8221;][vc_row][vc_column][vc_column_text] A Poultry Investment Rom\u00e1nia baromfih\u00fas-ipar\u00e1nak egyik vezet\u0151 v\u00e1llalata, ahol t\u00f6bb mint 800 elk\u00f6telezett munkat\u00e1rs dolgozik szenved\u00e9llyel, k\u00f6z\u00f6s siker\u00fcnk\u00e9rt. [\/vc_column_text][\/vc_column][\/vc_row][\/vc_section][vc_row full_width=&#8221;stretch_row_content&#8221; equal_height=&#8221;yes&#8221; content_placement=&#8221;middle&#8221; el_class=&#8221;team-about&#8221;][vc_column width=&#8221;1\/2&#8243; el_class=&#8221;col-txt&#8221;][vc_column_text]K\u00fcldet\u00e9s\u00fcnk k\u00f6z\u00e9ppontj\u00e1ban az emberek \u00e1llnak, \u00e9s v\u00e1llalati kult\u00far\u00e1nkat a megb\u00edzhat\u00f3s\u00e1g, tisztess\u00e9g \u00e9s stabilit\u00e1s&hellip;<\/p>\n","protected":false},"author":1,"featured_media":0,"parent":0,"menu_order":0,"comment_status":"closed","ping_status":"closed","template":"","meta":{"_acf_changed":false,"footnotes":""},"class_list":["post-690","page","type-page","status-publish","hentry","description-off"],"acf":[],"yoast_head":"<!-- This site is optimized with the Yoast SEO plugin v25.1 - https:\/\/yoast.com\/wordpress\/plugins\/seo\/ -->\n<title>Csapat - Poultry Investment<\/title>\n<meta name=\"robots\" content=\"index, follow, max-snippet:-1, max-image-preview:large, max-video-preview:-1\" \/>\n<link rel=\"canonical\" href=\"https:\/\/poultryinvestment.ro\/hu\/csapat\/\" \/>\n<meta property=\"og:locale\" content=\"hu_HU\" \/>\n<meta property=\"og:type\" content=\"article\" \/>\n<meta property=\"og:title\" content=\"Csapat - Poultry Investment\" \/>\n<meta property=\"og:description\" content=\"[vc_row full_width=&#8221;stretch_row&#8221; full_height=&#8221;yes&#8221; css=&#8221;.vc_custom_1709111769320{background-image: url(https:\/\/poultryinvestment.ro\/wp-content\/uploads\/2024\/02\/bg-hero-team.jpg?id=106) !important;background-position: center !important;background-repeat: no-repeat !important;background-size: cover !important;}&#8221; el_id=&#8221;teamHero&#8221;][vc_column][vc_single_image image=&#8221;108&#8243; img_size=&#8221;full&#8221; alignment=&#8221;center&#8221;][\/vc_column][\/vc_row][vc_section el_class=&#8221;section-home section-slogan&#8221;][vc_row][vc_column][vc_column_text] A Poultry Investment Rom\u00e1nia baromfih\u00fas-ipar\u00e1nak egyik vezet\u0151 v\u00e1llalata, ahol t\u00f6bb mint 800 elk\u00f6telezett munkat\u00e1rs dolgozik szenved\u00e9llyel, k\u00f6z\u00f6s siker\u00fcnk\u00e9rt. [\/vc_column_text][\/vc_column][\/vc_row][\/vc_section][vc_row full_width=&#8221;stretch_row_content&#8221; equal_height=&#8221;yes&#8221; content_placement=&#8221;middle&#8221; el_class=&#8221;team-about&#8221;][vc_column width=&#8221;1\/2&#8243; el_class=&#8221;col-txt&#8221;][vc_column_text]K\u00fcldet\u00e9s\u00fcnk k\u00f6z\u00e9ppontj\u00e1ban az emberek \u00e1llnak, \u00e9s v\u00e1llalati kult\u00far\u00e1nkat a megb\u00edzhat\u00f3s\u00e1g, tisztess\u00e9g \u00e9s stabilit\u00e1s&hellip;\" \/>\n<meta property=\"og:url\" content=\"https:\/\/poultryinvestment.ro\/hu\/csapat\/\" \/>\n<meta property=\"og:site_name\" content=\"Poultry Investment\" \/>\n<meta property=\"article:publisher\" content=\"https:\/\/www.facebook.com\/poultry.investment.team\" \/>\n<meta property=\"article:modified_time\" content=\"2025-08-06T07:33:37+00:00\" \/>\n<meta name=\"twitter:card\" content=\"summary_large_image\" \/>\n<meta name=\"twitter:label1\" content=\"Becs\u00fclt olvas\u00e1si id\u0151\" \/>\n\t<meta name=\"twitter:data1\" content=\"1 perc\" \/>\n<script type=\"application\/ld+json\" class=\"yoast-schema-graph\">{\"@context\":\"https:\/\/schema.org\",\"@graph\":[{\"@type\":\"WebPage\",\"@id\":\"https:\/\/poultryinvestment.ro\/hu\/csapat\/\",\"url\":\"https:\/\/poultryinvestment.ro\/hu\/csapat\/\",\"name\":\"Csapat - Poultry Investment\",\"isPartOf\":{\"@id\":\"https:\/\/poultryinvestment.ro\/#website\"},\"datePublished\":\"2024-02-27T14:42:35+00:00\",\"dateModified\":\"2025-08-06T07:33:37+00:00\",\"breadcrumb\":{\"@id\":\"https:\/\/poultryinvestment.ro\/hu\/csapat\/#breadcrumb\"},\"inLanguage\":\"hu\",\"potentialAction\":[{\"@type\":\"ReadAction\",\"target\":[\"https:\/\/poultryinvestment.ro\/hu\/csapat\/\"]}]},{\"@type\":\"BreadcrumbList\",\"@id\":\"https:\/\/poultryinvestment.ro\/hu\/csapat\/#breadcrumb\",\"itemListElement\":[{\"@type\":\"ListItem\",\"position\":1,\"name\":\"Home\",\"item\":\"https:\/\/poultryinvestment.ro\/hu\/\"},{\"@type\":\"ListItem\",\"position\":2,\"name\":\"Csapat\"}]},{\"@type\":\"WebSite\",\"@id\":\"https:\/\/poultryinvestment.ro\/#website\",\"url\":\"https:\/\/poultryinvestment.ro\/\",\"name\":\"Poultry Investment\",\"description\":\"\",\"publisher\":{\"@id\":\"https:\/\/poultryinvestment.ro\/#organization\"},\"potentialAction\":[{\"@type\":\"SearchAction\",\"target\":{\"@type\":\"EntryPoint\",\"urlTemplate\":\"https:\/\/poultryinvestment.ro\/?s={search_term_string}\"},\"query-input\":{\"@type\":\"PropertyValueSpecification\",\"valueRequired\":true,\"valueName\":\"search_term_string\"}}],\"inLanguage\":\"hu\"},{\"@type\":\"Organization\",\"@id\":\"https:\/\/poultryinvestment.ro\/#organization\",\"name\":\"Poultry Investment\",\"url\":\"https:\/\/poultryinvestment.ro\/\",\"logo\":{\"@type\":\"ImageObject\",\"inLanguage\":\"hu\",\"@id\":\"https:\/\/poultryinvestment.ro\/#\/schema\/logo\/image\/\",\"url\":\"https:\/\/poultryinvestment.ro\/wp-content\/uploads\/2023\/11\/poultry-logo-comingsoon-s.png\",\"contentUrl\":\"https:\/\/poultryinvestment.ro\/wp-content\/uploads\/2023\/11\/poultry-logo-comingsoon-s.png\",\"width\":500,\"height\":354,\"caption\":\"Poultry Investment\"},\"image\":{\"@id\":\"https:\/\/poultryinvestment.ro\/#\/schema\/logo\/image\/\"},\"sameAs\":[\"https:\/\/www.facebook.com\/poultry.investment.team\",\"https:\/\/ro.linkedin.com\/company\/poultry-investment\"]}]}<\/script>\n<!-- \/ Yoast SEO plugin. -->","yoast_head_json":{"title":"Csapat - Poultry Investment","robots":{"index":"index","follow":"follow","max-snippet":"max-snippet:-1","max-image-preview":"max-image-preview:large","max-video-preview":"max-video-preview:-1"},"canonical":"https:\/\/poultryinvestment.ro\/hu\/csapat\/","og_locale":"hu_HU","og_type":"article","og_title":"Csapat - Poultry Investment","og_description":"[vc_row full_width=&#8221;stretch_row&#8221; full_height=&#8221;yes&#8221; css=&#8221;.vc_custom_1709111769320{background-image: url(https:\/\/poultryinvestment.ro\/wp-content\/uploads\/2024\/02\/bg-hero-team.jpg?id=106) !important;background-position: center !important;background-repeat: no-repeat !important;background-size: cover !important;}&#8221; el_id=&#8221;teamHero&#8221;][vc_column][vc_single_image image=&#8221;108&#8243; img_size=&#8221;full&#8221; alignment=&#8221;center&#8221;][\/vc_column][\/vc_row][vc_section el_class=&#8221;section-home section-slogan&#8221;][vc_row][vc_column][vc_column_text] A Poultry Investment Rom\u00e1nia baromfih\u00fas-ipar\u00e1nak egyik vezet\u0151 v\u00e1llalata, ahol t\u00f6bb mint 800 elk\u00f6telezett munkat\u00e1rs dolgozik szenved\u00e9llyel, k\u00f6z\u00f6s siker\u00fcnk\u00e9rt. [\/vc_column_text][\/vc_column][\/vc_row][\/vc_section][vc_row full_width=&#8221;stretch_row_content&#8221; equal_height=&#8221;yes&#8221; content_placement=&#8221;middle&#8221; el_class=&#8221;team-about&#8221;][vc_column width=&#8221;1\/2&#8243; el_class=&#8221;col-txt&#8221;][vc_column_text]K\u00fcldet\u00e9s\u00fcnk k\u00f6z\u00e9ppontj\u00e1ban az emberek \u00e1llnak, \u00e9s v\u00e1llalati kult\u00far\u00e1nkat a megb\u00edzhat\u00f3s\u00e1g, tisztess\u00e9g \u00e9s stabilit\u00e1s&hellip;","og_url":"https:\/\/poultryinvestment.ro\/hu\/csapat\/","og_site_name":"Poultry Investment","article_publisher":"https:\/\/www.facebook.com\/poultry.investment.team","article_modified_time":"2025-08-06T07:33:37+00:00","twitter_card":"summary_large_image","twitter_misc":{"Becs\u00fclt olvas\u00e1si id\u0151":"1 perc"},"schema":{"@context":"https:\/\/schema.org","@graph":[{"@type":"WebPage","@id":"https:\/\/poultryinvestment.ro\/hu\/csapat\/","url":"https:\/\/poultryinvestment.ro\/hu\/csapat\/","name":"Csapat - Poultry Investment","isPartOf":{"@id":"https:\/\/poultryinvestment.ro\/#website"},"datePublished":"2024-02-27T14:42:35+00:00","dateModified":"2025-08-06T07:33:37+00:00","breadcrumb":{"@id":"https:\/\/poultryinvestment.ro\/hu\/csapat\/#breadcrumb"},"inLanguage":"hu","potentialAction":[{"@type":"ReadAction","target":["https:\/\/poultryinvestment.ro\/hu\/csapat\/"]}]},{"@type":"BreadcrumbList","@id":"https:\/\/poultryinvestment.ro\/hu\/csapat\/#breadcrumb","itemListElement":[{"@type":"ListItem","position":1,"name":"Home","item":"https:\/\/poultryinvestment.ro\/hu\/"},{"@type":"ListItem","position":2,"name":"Csapat"}]},{"@type":"WebSite","@id":"https:\/\/poultryinvestment.ro\/#website","url":"https:\/\/poultryinvestment.ro\/","name":"Poultry Investment","description":"","publisher":{"@id":"https:\/\/poultryinvestment.ro\/#organization"},"potentialAction":[{"@type":"SearchAction","target":{"@type":"EntryPoint","urlTemplate":"https:\/\/poultryinvestment.ro\/?s={search_term_string}"},"query-input":{"@type":"PropertyValueSpecification","valueRequired":true,"valueName":"search_term_string"}}],"inLanguage":"hu"},{"@type":"Organization","@id":"https:\/\/poultryinvestment.ro\/#organization","name":"Poultry Investment","url":"https:\/\/poultryinvestment.ro\/","logo":{"@type":"ImageObject","inLanguage":"hu","@id":"https:\/\/poultryinvestment.ro\/#\/schema\/logo\/image\/","url":"https:\/\/poultryinvestment.ro\/wp-content\/uploads\/2023\/11\/poultry-logo-comingsoon-s.png","contentUrl":"https:\/\/poultryinvestment.ro\/wp-content\/uploads\/2023\/11\/poultry-logo-comingsoon-s.png","width":500,"height":354,"caption":"Poultry Investment"},"image":{"@id":"https:\/\/poultryinvestment.ro\/#\/schema\/logo\/image\/"},"sameAs":["https:\/\/www.facebook.com\/poultry.investment.team","https:\/\/ro.linkedin.com\/company\/poultry-investment"]}]}},"_links":{"self":[{"href":"https:\/\/poultryinvestment.ro\/hu\/wp-json\/wp\/v2\/pages\/690","targetHints":{"allow":["GET"]}}],"collection":[{"href":"https:\/\/poultryinvestment.ro\/hu\/wp-json\/wp\/v2\/pages"}],"about":[{"href":"https:\/\/poultryinvestment.ro\/hu\/wp-json\/wp\/v2\/types\/page"}],"author":[{"embeddable":true,"href":"https:\/\/poultryinvestment.ro\/hu\/wp-json\/wp\/v2\/users\/1"}],"replies":[{"embeddable":true,"href":"https:\/\/poultryinvestment.ro\/hu\/wp-json\/wp\/v2\/comments?post=690"}],"version-history":[{"count":4,"href":"https:\/\/poultryinvestment.ro\/hu\/wp-json\/wp\/v2\/pages\/690\/revisions"}],"predecessor-version":[{"id":812,"href":"https:\/\/poultryinvestment.ro\/hu\/wp-json\/wp\/v2\/pages\/690\/revisions\/812"}],"wp:attachment":[{"href":"https:\/\/poultryinvestment.ro\/hu\/wp-json\/wp\/v2\/media?parent=690"}],"curies":[{"name":"wp","href":"https:\/\/api.w.org\/{rel}","templated":true}]}}