{"id":913,"date":"2025-08-26T13:43:51","date_gmt":"2025-08-26T13:43:51","guid":{"rendered":"https:\/\/poultryinvestment.ro\/puiul-de-craiesti-2\/"},"modified":"2026-03-09T07:19:16","modified_gmt":"2026-03-09T07:19:16","slug":"puiul-de-craiesti","status":"publish","type":"page","link":"https:\/\/poultryinvestment.ro\/hu\/puiul-de-craiesti\/","title":{"rendered":"Puiul de Cr\u0103ie\u0219ti"},"content":{"rendered":"<div class=\"wpb-content-wrapper\"><p>[vc_section el_class=&#8221;section-home section-slogan&#8221;][vc_row][vc_column][vc_column_text css_animation=&#8221;fadeInDown&#8221; css=&#8221;&#8221;]<\/p>\n<h1 style=\"text-align: center;\"><strong>V\u00e1ltozatos k\u00edn\u00e1lat<\/strong><br \/>\nEgyazon \u00edg\u00e9rettel: gondoskod\u00e1s, min\u0151s\u00e9g, bizalom.<\/h1>\n<p>[\/vc_column_text][\/vc_column][\/vc_row][vc_row el_class=&#8221;row-pdc-gama&#8221;][vc_column width=&#8221;1\/5&#8243;][\/vc_column][vc_column width=&#8221;1\/5&#8243;][vc_single_image image=&#8221;1048&#8243; img_size=&#8221;full&#8221; alignment=&#8221;center&#8221; onclick=&#8221;custom_link&#8221; css_animation=&#8221;fadeIn&#8221; css=&#8221;&#8221; image_hovers=&#8221;false&#8221; lazy_loading=&#8221;true&#8221; link=&#8221;#!\/prodNormal&#8221; el_class=&#8221;anchor-link&#8221;][\/vc_column][vc_column width=&#8221;1\/5&#8243;][vc_single_image image=&#8221;1045&#8243; img_size=&#8221;full&#8221; alignment=&#8221;center&#8221; onclick=&#8221;custom_link&#8221; css_animation=&#8221;fadeIn&#8221; css=&#8221;&#8221; image_hovers=&#8221;false&#8221; lazy_loading=&#8221;true&#8221; link=&#8221;#!\/prodZeroab&#8221; el_class=&#8221;anchor-link&#8221;][\/vc_column][vc_column width=&#8221;1\/5&#8243;][vc_single_image image=&#8221;1042&#8243; img_size=&#8221;full&#8221; alignment=&#8221;center&#8221; onclick=&#8221;custom_link&#8221; css_animation=&#8221;fadeIn&#8221; css=&#8221;&#8221; image_hovers=&#8221;false&#8221; lazy_loading=&#8221;true&#8221; link=&#8221;#!\/prodBistro&#8221; el_class=&#8221;anchor-link&#8221;][\/vc_column][vc_column width=&#8221;1\/5&#8243;][\/vc_column][\/vc_row][\/vc_section][vc_row full_width=&#8221;stretch_row&#8221; equal_height=&#8221;yes&#8221; el_class=&#8221;row-puiul-features&#8221;][vc_column width=&#8221;1\/3&#8243;][vc_single_image image=&#8221;882&#8243; img_size=&#8221;full&#8221; alignment=&#8221;center&#8221; css_animation=&#8221;fadeInDown&#8221; css=&#8221;&#8221;][vc_column_text css_animation=&#8221;fadeInUp&#8221; css=&#8221;&#8221;]A Puiul de Cr\u0103ie\u0219ti-n\u00e9l minden term\u00e9k egy gondos \u00e9s felel\u0151ss\u00e9gteljes folyamat eredm\u00e9nye.[\/vc_column_text][\/vc_column][vc_column width=&#8221;1\/3&#8243;][vc_single_image image=&#8221;879&#8243; img_size=&#8221;full&#8221; alignment=&#8221;center&#8221; css_animation=&#8221;fadeInDown&#8221; css=&#8221;&#8221;][vc_column_text css_animation=&#8221;fadeInUp&#8221; css=&#8221;&#8221;]Egyszer\u0171en \u00e9s tiszt\u00e1n nevelve Erd\u00e9lyben, csirk\u00e9ink a lehet\u0151 legfrissebb, legbiztons\u00e1gosabb \u00e9s legjobb min\u0151s\u00e9gben ker\u00fclnek a boltok polcaira.[\/vc_column_text][\/vc_column][vc_column width=&#8221;1\/3&#8243;][vc_single_image image=&#8221;876&#8243; img_size=&#8221;full&#8221; alignment=&#8221;center&#8221; css_animation=&#8221;fadeInDown&#8221; css=&#8221;&#8221;][vc_column_text css_animation=&#8221;fadeInUp&#8221; css=&#8221;&#8221;]Ak\u00e1r egy eg\u00e9sz csirk\u00e9t, ak\u00e1r daraboltat v\u00e1lasztasz, legyen sz\u00f3 klasszikus vagy modern receptr\u0151l, biztos lehetsz benne, hogy minden falat m\u00f6g\u00f6tt gondoskod\u00e1s, ellen\u0151rz\u00f6tt szak\u00e9rtelem \u00e9s komolys\u00e1g \u00e1ll.[\/vc_column_text][\/vc_column][\/vc_row][vc_row full_width=&#8221;stretch_row_content&#8221; equal_height=&#8221;yes&#8221; content_placement=&#8221;middle&#8221; el_class=&#8221;row-inner-prod normal&#8221; el_id=&#8221;prodNormal&#8221;][vc_column el_class=&#8221;col-txt&#8221; offset=&#8221;vc_col-md-6&#8243;][vc_custom_heading text=&#8221;Alap term\u00e9kcsal\u00e1d&#8221; use_theme_fonts=&#8221;yes&#8221; css_animation=&#8221;fadeInDown&#8221; css=&#8221;&#8221;][vc_column_text css_animation=&#8221;fadeInUp&#8221; css=&#8221;&#8221;]<strong>Friss, gondosan csomagolt term\u00e9kekb\u0151l \u00e1ll<\/strong>, amelyek arra hivatottak, hogy inspir\u00e1lj\u00e1k a mindennapi \u00e9tkez\u00e9seket.<\/p>\n<p>Csirk\u00e9inket erd\u00e9lyi farmjainkon nevelj\u00fck, egy teljesen integr\u00e1lt rendszerben, amely biztos\u00edtja a min\u0151s\u00e9g teljes k\u00f6r\u0171 ellen\u0151rzhet\u0151s\u00e9g\u00e9t.<\/p>\n<p>A speci\u00e1lisan \u00f6ssze\u00e1ll\u00edtott takarm\u00e1nyt\u00f3l kezdve eg\u00e9szen a gyors bolti kisz\u00e1ll\u00edt\u00e1sig minden folyamat a <strong>maxim\u00e1lis frissess\u00e9get \u00e9s \u00e9lelmiszerbiztons\u00e1got<\/strong> szolg\u00e1lja.[\/vc_column_text][\/vc_column][vc_column width=&#8221;11\/12&#8243; el_class=&#8221;col-img&#8221; offset=&#8221;vc_col-md-6&#8243;][vc_single_image image=&#8221;888&#8243; img_size=&#8221;full&#8221; alignment=&#8221;center&#8221; css_animation=&#8221;fadeIn&#8221; css=&#8221;&#8221; image_hovers=&#8221;false&#8221; lazy_loading=&#8221;true&#8221;][\/vc_column][\/vc_row][vc_row full_width=&#8221;stretch_row_content&#8221; equal_height=&#8221;yes&#8221; content_placement=&#8221;middle&#8221; el_class=&#8221;row-inner-prod zeroab&#8221; el_id=&#8221;prodZeroab&#8221;][vc_column el_class=&#8221;col-txt&#8221; offset=&#8221;vc_col-md-6&#8243;][vc_custom_heading text=&#8221;Zero AB term\u00e9kcsal\u00e1d&#8221; use_theme_fonts=&#8221;yes&#8221; css_animation=&#8221;fadeInDown&#8221; css=&#8221;&#8221;][vc_column_text css_animation=&#8221;fadeInUp&#8221; css=&#8221;&#8221;]A k\u00fcl\u00f6nleges Zero AB csirk\u00e9k <strong>erd\u00e9lyi farmjainkon sz\u00fcletnek<\/strong>, ahol a legnagyobb felel\u0151ss\u00e9ggel gondoskodunk r\u00f3luk. M\u00e1r az els\u0151 napt\u00f3l kezdve ide\u00e1lis k\u00f6r\u00fclm\u00e9nyeket biztos\u00edtunk sz\u00e1mukra, t\u00e1pl\u00e1l\u00e9kuk pedig az orsz\u00e1g legnagyobb, \u00e9s Eur\u00f3pa egyik legmodernebb takarm\u00e1nygy\u00e1rt\u00f3j\u00e1val val\u00f3 partners\u00e9g eredm\u00e9nye.<\/p>\n<p>Fejlett kutat\u00e1sok alapj\u00e1n dolgoztunk ki egy speci\u00e1lis, a csirk\u00e9k term\u00e9szetes fejl\u0151d\u00e9s\u00e9t t\u00f6k\u00e9letesen t\u00e1mogat\u00f3 takarm\u00e1nyt, amely eg\u00e9szs\u00e9gesen \u00e9s er\u0151sen tartja \u0151ket.<\/p>\n<h3>Tiszta \u00f3lakban, ide\u00e1lis mikrokl\u00edm\u00e1ban \u00e9s j\u00f3l\u00e9ti k\u00f6r\u00fclm\u00e9nyek k\u00f6z\u00f6tt n\u0151nek fel.<\/h3>\n<p>Az eredm\u00e9ny?<br \/>\nOlyan tiszt\u00e1n \u00e9s kiegyens\u00falyozottan nevelt csirke, amelynek <strong>soha nem volt sz\u00fcks\u00e9ge antibiotikumra<\/strong>.[\/vc_column_text][\/vc_column][vc_column width=&#8221;11\/12&#8243; el_class=&#8221;col-img&#8221; offset=&#8221;vc_col-md-6&#8243;][vc_single_image image=&#8221;891&#8243; img_size=&#8221;full&#8221; alignment=&#8221;center&#8221; css_animation=&#8221;fadeIn&#8221; css=&#8221;&#8221; image_hovers=&#8221;false&#8221; lazy_loading=&#8221;true&#8221;][\/vc_column][\/vc_row][vc_row full_width=&#8221;stretch_row_content&#8221; equal_height=&#8221;yes&#8221; content_placement=&#8221;middle&#8221; el_class=&#8221;row-inner-prod bistro&#8221; el_id=&#8221;prodBistro&#8221;][vc_column el_class=&#8221;col-txt&#8221; offset=&#8221;vc_col-md-6&#8243;][vc_custom_heading text=&#8221;Bistro term\u00e9kcsal\u00e1d&#8221; use_theme_fonts=&#8221;yes&#8221; css_animation=&#8221;fadeInDown&#8221; css=&#8221;&#8221;][vc_column_text css_animation=&#8221;fadeInUp&#8221; css=&#8221;&#8221;]Ak\u00e1r nyaralsz, ak\u00e1r otthon vagy, ak\u00e1r magadnak f\u0151z\u00f6l, ak\u00e1r az eg\u00e9sz csal\u00e1dnak \u2013 a <strong>Bistro term\u00e9kcsal\u00e1d <\/strong>seg\u00edt v\u00e1laszt adni a \u201eMit egy\u00fcnk ma?\u201d k\u00e9rd\u00e9sre, mindenf\u00e9le fejf\u00e1j\u00e1s n\u00e9lk\u00fcl.<\/p>\n<ul>\n<li>Aranyl\u00f3, augusztusi napf\u00e9nyt id\u00e9z\u0151 ropog\u00f3s k\u00e9reg<\/li>\n<li>Puha \u00e9s \u00edzletes bels\u0151<\/li>\n<li>Gyorsan elk\u00e9sz\u00edthet\u0151 \u2013 serpeny\u0151ben, s\u00fct\u0151ben vagy air fryerben<\/li>\n<li>Olyan csirk\u00e9b\u0151l, amelyet gondosan nevelt\u00fcnk erd\u00e9lyi farmjainkon<\/li>\n<\/ul>\n<p>[\/vc_column_text][\/vc_column][vc_column width=&#8221;11\/12&#8243; el_class=&#8221;col-img&#8221; offset=&#8221;vc_col-md-6&#8243;][vc_single_image image=&#8221;904&#8243; img_size=&#8221;full&#8221; alignment=&#8221;center&#8221; css_animation=&#8221;fadeIn&#8221; css=&#8221;&#8221; image_hovers=&#8221;false&#8221; lazy_loading=&#8221;true&#8221;][\/vc_column][\/vc_row][vc_section el_class=&#8221;section-home section-slogan section-follow section-follow-small&#8221;][vc_row][vc_column width=&#8221;2\/3&#8243;][vc_column_text css=&#8221;&#8221;]<\/p>\n<h2>K\u00f6vesd a Puiul de Cr\u0103ie\u0219ti-et<\/h2>\n<p>[\/vc_column_text][\/vc_column][vc_column width=&#8221;1\/3&#8243; el_class=&#8221;col-icons&#8221;][vc_icon icon_fontawesome=&#8221;fab fa-facebook-f&#8221; color=&#8221;white&#8221; align=&#8221;right&#8221; link=&#8221;url:https%3A%2F%2Fwww.facebook.com%2FPuiulDeCraiesti|target:_blank&#8221;][vc_icon icon_fontawesome=&#8221;fab fa-instagram&#8221; color=&#8221;white&#8221; align=&#8221;right&#8221; link=&#8221;url:https%3A%2F%2Fwww.instagram.com%2Fpuiuldecraiesti%2F|target:_blank&#8221;][vc_icon type=&#8221;the7&#8243; icon_the7=&#8221;fab fa-tiktok&#8221; color=&#8221;white&#8221; align=&#8221;right&#8221; link=&#8221;url:https%3A%2F%2Fwww.tiktok.com%2F%40puiuldecraiesti|target:_blank&#8221;][vc_icon icon_fontawesome=&#8221;fas fa-globe&#8221; color=&#8221;white&#8221; align=&#8221;right&#8221; link=&#8221;url:https%3A%2F%2Fwww.puiuldecraiesti.ro%2F|target:_blank&#8221;][\/vc_column][\/vc_row][\/vc_section]<\/p>\n<\/div>","protected":false},"excerpt":{"rendered":"<p>[vc_section el_class=&#8221;section-home section-slogan&#8221;][vc_row][vc_column][vc_column_text css_animation=&#8221;fadeInDown&#8221; css=&#8221;&#8221;] V\u00e1ltozatos k\u00edn\u00e1lat Egyazon \u00edg\u00e9rettel: gondoskod\u00e1s, min\u0151s\u00e9g, bizalom. [\/vc_column_text][\/vc_column][\/vc_row][vc_row el_class=&#8221;row-pdc-gama&#8221;][vc_column width=&#8221;1\/5&#8243;][\/vc_column][vc_column width=&#8221;1\/5&#8243;][vc_single_image image=&#8221;1048&#8243; img_size=&#8221;full&#8221; alignment=&#8221;center&#8221; onclick=&#8221;custom_link&#8221; css_animation=&#8221;fadeIn&#8221; css=&#8221;&#8221; image_hovers=&#8221;false&#8221; lazy_loading=&#8221;true&#8221; link=&#8221;#!\/prodNormal&#8221; el_class=&#8221;anchor-link&#8221;][\/vc_column][vc_column width=&#8221;1\/5&#8243;][vc_single_image image=&#8221;1045&#8243; img_size=&#8221;full&#8221; alignment=&#8221;center&#8221; onclick=&#8221;custom_link&#8221; css_animation=&#8221;fadeIn&#8221; css=&#8221;&#8221; image_hovers=&#8221;false&#8221; lazy_loading=&#8221;true&#8221; link=&#8221;#!\/prodZeroab&#8221; el_class=&#8221;anchor-link&#8221;][\/vc_column][vc_column width=&#8221;1\/5&#8243;][vc_single_image image=&#8221;1042&#8243; img_size=&#8221;full&#8221; alignment=&#8221;center&#8221; onclick=&#8221;custom_link&#8221; css_animation=&#8221;fadeIn&#8221; css=&#8221;&#8221; image_hovers=&#8221;false&#8221; lazy_loading=&#8221;true&#8221; link=&#8221;#!\/prodBistro&#8221; el_class=&#8221;anchor-link&#8221;][\/vc_column][vc_column width=&#8221;1\/5&#8243;][\/vc_column][\/vc_row][\/vc_section][vc_row full_width=&#8221;stretch_row&#8221; equal_height=&#8221;yes&#8221; el_class=&#8221;row-puiul-features&#8221;][vc_column width=&#8221;1\/3&#8243;][vc_single_image image=&#8221;882&#8243; img_size=&#8221;full&#8221;&hellip;<\/p>\n","protected":false},"author":1,"featured_media":0,"parent":0,"menu_order":0,"comment_status":"closed","ping_status":"closed","template":"","meta":{"_acf_changed":false,"footnotes":""},"class_list":["post-913","page","type-page","status-publish","hentry","description-off"],"acf":[],"yoast_head":"<!-- This site is optimized with the Yoast SEO plugin v25.1 - https:\/\/yoast.com\/wordpress\/plugins\/seo\/ -->\n<title>Puiul de Cr\u0103ie\u0219ti - Poultry Investment<\/title>\n<meta name=\"robots\" content=\"index, follow, max-snippet:-1, max-image-preview:large, max-video-preview:-1\" \/>\n<link rel=\"canonical\" href=\"https:\/\/poultryinvestment.ro\/hu\/puiul-de-craiesti\/\" \/>\n<meta property=\"og:locale\" content=\"hu_HU\" \/>\n<meta property=\"og:type\" content=\"article\" \/>\n<meta property=\"og:title\" content=\"Puiul de Cr\u0103ie\u0219ti - Poultry Investment\" \/>\n<meta property=\"og:description\" content=\"[vc_section el_class=&#8221;section-home section-slogan&#8221;][vc_row][vc_column][vc_column_text css_animation=&#8221;fadeInDown&#8221; css=&#8221;&#8221;] V\u00e1ltozatos k\u00edn\u00e1lat Egyazon \u00edg\u00e9rettel: gondoskod\u00e1s, min\u0151s\u00e9g, bizalom. [\/vc_column_text][\/vc_column][\/vc_row][vc_row el_class=&#8221;row-pdc-gama&#8221;][vc_column width=&#8221;1\/5&#8243;][\/vc_column][vc_column width=&#8221;1\/5&#8243;][vc_single_image image=&#8221;1048&#8243; img_size=&#8221;full&#8221; alignment=&#8221;center&#8221; onclick=&#8221;custom_link&#8221; css_animation=&#8221;fadeIn&#8221; css=&#8221;&#8221; image_hovers=&#8221;false&#8221; lazy_loading=&#8221;true&#8221; link=&#8221;#!\/prodNormal&#8221; el_class=&#8221;anchor-link&#8221;][\/vc_column][vc_column width=&#8221;1\/5&#8243;][vc_single_image image=&#8221;1045&#8243; img_size=&#8221;full&#8221; alignment=&#8221;center&#8221; onclick=&#8221;custom_link&#8221; css_animation=&#8221;fadeIn&#8221; css=&#8221;&#8221; image_hovers=&#8221;false&#8221; lazy_loading=&#8221;true&#8221; link=&#8221;#!\/prodZeroab&#8221; el_class=&#8221;anchor-link&#8221;][\/vc_column][vc_column width=&#8221;1\/5&#8243;][vc_single_image image=&#8221;1042&#8243; img_size=&#8221;full&#8221; alignment=&#8221;center&#8221; onclick=&#8221;custom_link&#8221; css_animation=&#8221;fadeIn&#8221; css=&#8221;&#8221; image_hovers=&#8221;false&#8221; lazy_loading=&#8221;true&#8221; link=&#8221;#!\/prodBistro&#8221; el_class=&#8221;anchor-link&#8221;][\/vc_column][vc_column width=&#8221;1\/5&#8243;][\/vc_column][\/vc_row][\/vc_section][vc_row full_width=&#8221;stretch_row&#8221; equal_height=&#8221;yes&#8221; el_class=&#8221;row-puiul-features&#8221;][vc_column width=&#8221;1\/3&#8243;][vc_single_image image=&#8221;882&#8243; img_size=&#8221;full&#8221;&hellip;\" \/>\n<meta property=\"og:url\" content=\"https:\/\/poultryinvestment.ro\/hu\/puiul-de-craiesti\/\" \/>\n<meta property=\"og:site_name\" content=\"Poultry Investment\" \/>\n<meta property=\"article:publisher\" content=\"https:\/\/www.facebook.com\/poultry.investment.team\" \/>\n<meta property=\"article:modified_time\" content=\"2026-03-09T07:19:16+00:00\" \/>\n<meta name=\"twitter:card\" content=\"summary_large_image\" \/>\n<meta name=\"twitter:label1\" content=\"Becs\u00fclt olvas\u00e1si id\u0151\" \/>\n\t<meta name=\"twitter:data1\" content=\"4 perc\" \/>\n<script type=\"application\/ld+json\" class=\"yoast-schema-graph\">{\"@context\":\"https:\/\/schema.org\",\"@graph\":[{\"@type\":\"WebPage\",\"@id\":\"https:\/\/poultryinvestment.ro\/hu\/puiul-de-craiesti\/\",\"url\":\"https:\/\/poultryinvestment.ro\/hu\/puiul-de-craiesti\/\",\"name\":\"Puiul de Cr\u0103ie\u0219ti - Poultry Investment\",\"isPartOf\":{\"@id\":\"https:\/\/poultryinvestment.ro\/#website\"},\"datePublished\":\"2025-08-26T13:43:51+00:00\",\"dateModified\":\"2026-03-09T07:19:16+00:00\",\"breadcrumb\":{\"@id\":\"https:\/\/poultryinvestment.ro\/hu\/puiul-de-craiesti\/#breadcrumb\"},\"inLanguage\":\"hu\",\"potentialAction\":[{\"@type\":\"ReadAction\",\"target\":[\"https:\/\/poultryinvestment.ro\/hu\/puiul-de-craiesti\/\"]}]},{\"@type\":\"BreadcrumbList\",\"@id\":\"https:\/\/poultryinvestment.ro\/hu\/puiul-de-craiesti\/#breadcrumb\",\"itemListElement\":[{\"@type\":\"ListItem\",\"position\":1,\"name\":\"Home\",\"item\":\"https:\/\/poultryinvestment.ro\/hu\/\"},{\"@type\":\"ListItem\",\"position\":2,\"name\":\"Puiul de Cr\u0103ie\u0219ti\"}]},{\"@type\":\"WebSite\",\"@id\":\"https:\/\/poultryinvestment.ro\/#website\",\"url\":\"https:\/\/poultryinvestment.ro\/\",\"name\":\"Poultry Investment\",\"description\":\"\",\"publisher\":{\"@id\":\"https:\/\/poultryinvestment.ro\/#organization\"},\"potentialAction\":[{\"@type\":\"SearchAction\",\"target\":{\"@type\":\"EntryPoint\",\"urlTemplate\":\"https:\/\/poultryinvestment.ro\/?s={search_term_string}\"},\"query-input\":{\"@type\":\"PropertyValueSpecification\",\"valueRequired\":true,\"valueName\":\"search_term_string\"}}],\"inLanguage\":\"hu\"},{\"@type\":\"Organization\",\"@id\":\"https:\/\/poultryinvestment.ro\/#organization\",\"name\":\"Poultry Investment\",\"url\":\"https:\/\/poultryinvestment.ro\/\",\"logo\":{\"@type\":\"ImageObject\",\"inLanguage\":\"hu\",\"@id\":\"https:\/\/poultryinvestment.ro\/#\/schema\/logo\/image\/\",\"url\":\"https:\/\/poultryinvestment.ro\/wp-content\/uploads\/2023\/11\/poultry-logo-comingsoon-s.png\",\"contentUrl\":\"https:\/\/poultryinvestment.ro\/wp-content\/uploads\/2023\/11\/poultry-logo-comingsoon-s.png\",\"width\":500,\"height\":354,\"caption\":\"Poultry Investment\"},\"image\":{\"@id\":\"https:\/\/poultryinvestment.ro\/#\/schema\/logo\/image\/\"},\"sameAs\":[\"https:\/\/www.facebook.com\/poultry.investment.team\",\"https:\/\/ro.linkedin.com\/company\/poultry-investment\"]}]}<\/script>\n<!-- \/ Yoast SEO plugin. -->","yoast_head_json":{"title":"Puiul de Cr\u0103ie\u0219ti - Poultry Investment","robots":{"index":"index","follow":"follow","max-snippet":"max-snippet:-1","max-image-preview":"max-image-preview:large","max-video-preview":"max-video-preview:-1"},"canonical":"https:\/\/poultryinvestment.ro\/hu\/puiul-de-craiesti\/","og_locale":"hu_HU","og_type":"article","og_title":"Puiul de Cr\u0103ie\u0219ti - Poultry Investment","og_description":"[vc_section el_class=&#8221;section-home section-slogan&#8221;][vc_row][vc_column][vc_column_text css_animation=&#8221;fadeInDown&#8221; css=&#8221;&#8221;] V\u00e1ltozatos k\u00edn\u00e1lat Egyazon \u00edg\u00e9rettel: gondoskod\u00e1s, min\u0151s\u00e9g, bizalom. [\/vc_column_text][\/vc_column][\/vc_row][vc_row el_class=&#8221;row-pdc-gama&#8221;][vc_column width=&#8221;1\/5&#8243;][\/vc_column][vc_column width=&#8221;1\/5&#8243;][vc_single_image image=&#8221;1048&#8243; img_size=&#8221;full&#8221; alignment=&#8221;center&#8221; onclick=&#8221;custom_link&#8221; css_animation=&#8221;fadeIn&#8221; css=&#8221;&#8221; image_hovers=&#8221;false&#8221; lazy_loading=&#8221;true&#8221; link=&#8221;#!\/prodNormal&#8221; el_class=&#8221;anchor-link&#8221;][\/vc_column][vc_column width=&#8221;1\/5&#8243;][vc_single_image image=&#8221;1045&#8243; img_size=&#8221;full&#8221; alignment=&#8221;center&#8221; onclick=&#8221;custom_link&#8221; css_animation=&#8221;fadeIn&#8221; css=&#8221;&#8221; image_hovers=&#8221;false&#8221; lazy_loading=&#8221;true&#8221; link=&#8221;#!\/prodZeroab&#8221; el_class=&#8221;anchor-link&#8221;][\/vc_column][vc_column width=&#8221;1\/5&#8243;][vc_single_image image=&#8221;1042&#8243; img_size=&#8221;full&#8221; alignment=&#8221;center&#8221; onclick=&#8221;custom_link&#8221; css_animation=&#8221;fadeIn&#8221; css=&#8221;&#8221; image_hovers=&#8221;false&#8221; lazy_loading=&#8221;true&#8221; link=&#8221;#!\/prodBistro&#8221; el_class=&#8221;anchor-link&#8221;][\/vc_column][vc_column width=&#8221;1\/5&#8243;][\/vc_column][\/vc_row][\/vc_section][vc_row full_width=&#8221;stretch_row&#8221; equal_height=&#8221;yes&#8221; el_class=&#8221;row-puiul-features&#8221;][vc_column width=&#8221;1\/3&#8243;][vc_single_image image=&#8221;882&#8243; img_size=&#8221;full&#8221;&hellip;","og_url":"https:\/\/poultryinvestment.ro\/hu\/puiul-de-craiesti\/","og_site_name":"Poultry Investment","article_publisher":"https:\/\/www.facebook.com\/poultry.investment.team","article_modified_time":"2026-03-09T07:19:16+00:00","twitter_card":"summary_large_image","twitter_misc":{"Becs\u00fclt olvas\u00e1si id\u0151":"4 perc"},"schema":{"@context":"https:\/\/schema.org","@graph":[{"@type":"WebPage","@id":"https:\/\/poultryinvestment.ro\/hu\/puiul-de-craiesti\/","url":"https:\/\/poultryinvestment.ro\/hu\/puiul-de-craiesti\/","name":"Puiul de Cr\u0103ie\u0219ti - Poultry Investment","isPartOf":{"@id":"https:\/\/poultryinvestment.ro\/#website"},"datePublished":"2025-08-26T13:43:51+00:00","dateModified":"2026-03-09T07:19:16+00:00","breadcrumb":{"@id":"https:\/\/poultryinvestment.ro\/hu\/puiul-de-craiesti\/#breadcrumb"},"inLanguage":"hu","potentialAction":[{"@type":"ReadAction","target":["https:\/\/poultryinvestment.ro\/hu\/puiul-de-craiesti\/"]}]},{"@type":"BreadcrumbList","@id":"https:\/\/poultryinvestment.ro\/hu\/puiul-de-craiesti\/#breadcrumb","itemListElement":[{"@type":"ListItem","position":1,"name":"Home","item":"https:\/\/poultryinvestment.ro\/hu\/"},{"@type":"ListItem","position":2,"name":"Puiul de Cr\u0103ie\u0219ti"}]},{"@type":"WebSite","@id":"https:\/\/poultryinvestment.ro\/#website","url":"https:\/\/poultryinvestment.ro\/","name":"Poultry Investment","description":"","publisher":{"@id":"https:\/\/poultryinvestment.ro\/#organization"},"potentialAction":[{"@type":"SearchAction","target":{"@type":"EntryPoint","urlTemplate":"https:\/\/poultryinvestment.ro\/?s={search_term_string}"},"query-input":{"@type":"PropertyValueSpecification","valueRequired":true,"valueName":"search_term_string"}}],"inLanguage":"hu"},{"@type":"Organization","@id":"https:\/\/poultryinvestment.ro\/#organization","name":"Poultry Investment","url":"https:\/\/poultryinvestment.ro\/","logo":{"@type":"ImageObject","inLanguage":"hu","@id":"https:\/\/poultryinvestment.ro\/#\/schema\/logo\/image\/","url":"https:\/\/poultryinvestment.ro\/wp-content\/uploads\/2023\/11\/poultry-logo-comingsoon-s.png","contentUrl":"https:\/\/poultryinvestment.ro\/wp-content\/uploads\/2023\/11\/poultry-logo-comingsoon-s.png","width":500,"height":354,"caption":"Poultry Investment"},"image":{"@id":"https:\/\/poultryinvestment.ro\/#\/schema\/logo\/image\/"},"sameAs":["https:\/\/www.facebook.com\/poultry.investment.team","https:\/\/ro.linkedin.com\/company\/poultry-investment"]}]}},"_links":{"self":[{"href":"https:\/\/poultryinvestment.ro\/hu\/wp-json\/wp\/v2\/pages\/913","targetHints":{"allow":["GET"]}}],"collection":[{"href":"https:\/\/poultryinvestment.ro\/hu\/wp-json\/wp\/v2\/pages"}],"about":[{"href":"https:\/\/poultryinvestment.ro\/hu\/wp-json\/wp\/v2\/types\/page"}],"author":[{"embeddable":true,"href":"https:\/\/poultryinvestment.ro\/hu\/wp-json\/wp\/v2\/users\/1"}],"replies":[{"embeddable":true,"href":"https:\/\/poultryinvestment.ro\/hu\/wp-json\/wp\/v2\/comments?post=913"}],"version-history":[{"count":5,"href":"https:\/\/poultryinvestment.ro\/hu\/wp-json\/wp\/v2\/pages\/913\/revisions"}],"predecessor-version":[{"id":1050,"href":"https:\/\/poultryinvestment.ro\/hu\/wp-json\/wp\/v2\/pages\/913\/revisions\/1050"}],"wp:attachment":[{"href":"https:\/\/poultryinvestment.ro\/hu\/wp-json\/wp\/v2\/media?parent=913"}],"curies":[{"name":"wp","href":"https:\/\/api.w.org\/{rel}","templated":true}]}}