{"id":950,"date":"2025-09-19T08:25:55","date_gmt":"2025-09-19T08:25:55","guid":{"rendered":"https:\/\/poultryinvestment.ro\/raport-esg-2024\/"},"modified":"2025-09-19T08:32:14","modified_gmt":"2025-09-19T08:32:14","slug":"esg-jelentes-2024","status":"publish","type":"page","link":"https:\/\/poultryinvestment.ro\/hu\/esg-jelentes-2024\/","title":{"rendered":"ESG Jelent\u00e9s 2024"},"content":{"rendered":"<div class=\"wpb-content-wrapper\"><p>[vc_row full_width=&#8221;stretch_row_content_no_spaces&#8221;][vc_column][vc_single_image image=&#8221;944&#8243; img_size=&#8221;full&#8221; alignment=&#8221;center&#8221; css_animation=&#8221;fadeIn&#8221; css=&#8221;&#8221; image_hovers=&#8221;false&#8221;][\/vc_column][\/vc_row][vc_row el_class=&#8221;inner-esgreport-row&#8221; el_id=&#8221;esgreport&#8221;][vc_column width=&#8221;1\/6&#8243;][\/vc_column][vc_column width=&#8221;2\/3&#8243; el_class=&#8221;col-report&#8221;][vc_column_text css=&#8221;&#8221;]<\/p>\n<h2 style=\"text-align: center;\"><strong>ESG Jelent\u00e9s 2024<\/strong><\/h2>\n<p style=\"text-align: center;\">\u00d6r\u00f6mmel mutatjuk be a Poultry Investment 2024-es ESG Jelent\u00e9s\u00e9t, amely az els\u0151, a GRI szabv\u00e1nyok szerint k\u00e9sz\u00fclt, csoportszint\u0171 jelent\u00e9s\u00fcnk. Ez \u00faj szint\u0171 \u00e1tl\u00e1that\u00f3s\u00e1got \u00e9s k\u00f6vetkezetess\u00e9get jelent m\u0171k\u00f6d\u00e9s\u00fcnkben, t\u00fckr\u00f6zve elk\u00f6telezetts\u00e9g\u00fcnket a felel\u0151s \u00e9s fenntarthat\u00f3 \u2013 gazdas\u00e1gi, t\u00e1rsadalmi \u00e9s k\u00f6rnyezeti \u2013 fejl\u0151d\u00e9s ir\u00e1nt.<\/p>\n<p style=\"text-align: center;\">A jelent\u00e9s megtekint\u00e9s\u00e9hez kattintson az al\u00e1bbi gombra<\/p>\n<p style=\"text-align: center;\"><a class=\"dt-btn\" href=\"https:\/\/poultryinvestment.ro\/wp-content\/uploads\/2025\/09\/Poultry_Investment_ESG_FINAL.pdf\" target=\"_blank\" rel=\"noopener\" download=\"\">Let\u00f6lt\u00e9s<\/a><\/p>\n<p>[\/vc_column_text][\/vc_column][vc_column width=&#8221;1\/6&#8243;][\/vc_column][\/vc_row]<\/p>\n<\/div>","protected":false},"excerpt":{"rendered":"<p>[vc_row full_width=&#8221;stretch_row_content_no_spaces&#8221;][vc_column][vc_single_image image=&#8221;944&#8243; img_size=&#8221;full&#8221; alignment=&#8221;center&#8221; css_animation=&#8221;fadeIn&#8221; css=&#8221;&#8221; image_hovers=&#8221;false&#8221;][\/vc_column][\/vc_row][vc_row el_class=&#8221;inner-esgreport-row&#8221; el_id=&#8221;esgreport&#8221;][vc_column width=&#8221;1\/6&#8243;][\/vc_column][vc_column width=&#8221;2\/3&#8243; el_class=&#8221;col-report&#8221;][vc_column_text css=&#8221;&#8221;] ESG Jelent\u00e9s 2024 \u00d6r\u00f6mmel mutatjuk be a Poultry Investment 2024-es ESG Jelent\u00e9s\u00e9t, amely az els\u0151, a GRI szabv\u00e1nyok szerint k\u00e9sz\u00fclt, csoportszint\u0171 jelent\u00e9s\u00fcnk. Ez \u00faj szint\u0171 \u00e1tl\u00e1that\u00f3s\u00e1got \u00e9s k\u00f6vetkezetess\u00e9get jelent m\u0171k\u00f6d\u00e9s\u00fcnkben, t\u00fckr\u00f6zve elk\u00f6telezetts\u00e9g\u00fcnket a felel\u0151s \u00e9s fenntarthat\u00f3 \u2013 gazdas\u00e1gi, t\u00e1rsadalmi \u00e9s k\u00f6rnyezeti&hellip;<\/p>\n","protected":false},"author":1,"featured_media":0,"parent":0,"menu_order":0,"comment_status":"closed","ping_status":"closed","template":"","meta":{"_acf_changed":false,"footnotes":""},"class_list":["post-950","page","type-page","status-publish","hentry","description-off"],"acf":[],"yoast_head":"<!-- This site is optimized with the Yoast SEO plugin v25.1 - https:\/\/yoast.com\/wordpress\/plugins\/seo\/ -->\n<title>ESG Jelent\u00e9s 2024 - Poultry Investment<\/title>\n<meta name=\"robots\" content=\"index, follow, max-snippet:-1, max-image-preview:large, max-video-preview:-1\" \/>\n<link rel=\"canonical\" href=\"https:\/\/poultryinvestment.ro\/hu\/esg-jelentes-2024\/\" \/>\n<meta property=\"og:locale\" content=\"hu_HU\" \/>\n<meta property=\"og:type\" content=\"article\" \/>\n<meta property=\"og:title\" content=\"ESG Jelent\u00e9s 2024 - Poultry Investment\" \/>\n<meta property=\"og:description\" content=\"[vc_row full_width=&#8221;stretch_row_content_no_spaces&#8221;][vc_column][vc_single_image image=&#8221;944&#8243; img_size=&#8221;full&#8221; alignment=&#8221;center&#8221; css_animation=&#8221;fadeIn&#8221; css=&#8221;&#8221; image_hovers=&#8221;false&#8221;][\/vc_column][\/vc_row][vc_row el_class=&#8221;inner-esgreport-row&#8221; el_id=&#8221;esgreport&#8221;][vc_column width=&#8221;1\/6&#8243;][\/vc_column][vc_column width=&#8221;2\/3&#8243; el_class=&#8221;col-report&#8221;][vc_column_text css=&#8221;&#8221;] ESG Jelent\u00e9s 2024 \u00d6r\u00f6mmel mutatjuk be a Poultry Investment 2024-es ESG Jelent\u00e9s\u00e9t, amely az els\u0151, a GRI szabv\u00e1nyok szerint k\u00e9sz\u00fclt, csoportszint\u0171 jelent\u00e9s\u00fcnk. Ez \u00faj szint\u0171 \u00e1tl\u00e1that\u00f3s\u00e1got \u00e9s k\u00f6vetkezetess\u00e9get jelent m\u0171k\u00f6d\u00e9s\u00fcnkben, t\u00fckr\u00f6zve elk\u00f6telezetts\u00e9g\u00fcnket a felel\u0151s \u00e9s fenntarthat\u00f3 \u2013 gazdas\u00e1gi, t\u00e1rsadalmi \u00e9s k\u00f6rnyezeti&hellip;\" \/>\n<meta property=\"og:url\" content=\"https:\/\/poultryinvestment.ro\/hu\/esg-jelentes-2024\/\" \/>\n<meta property=\"og:site_name\" content=\"Poultry Investment\" \/>\n<meta property=\"article:publisher\" content=\"https:\/\/www.facebook.com\/poultry.investment.team\" \/>\n<meta property=\"article:modified_time\" content=\"2025-09-19T08:32:14+00:00\" \/>\n<meta name=\"twitter:card\" content=\"summary_large_image\" \/>\n<meta name=\"twitter:label1\" content=\"Becs\u00fclt olvas\u00e1si id\u0151\" \/>\n\t<meta name=\"twitter:data1\" content=\"1 perc\" \/>\n<script type=\"application\/ld+json\" class=\"yoast-schema-graph\">{\"@context\":\"https:\/\/schema.org\",\"@graph\":[{\"@type\":\"WebPage\",\"@id\":\"https:\/\/poultryinvestment.ro\/hu\/esg-jelentes-2024\/\",\"url\":\"https:\/\/poultryinvestment.ro\/hu\/esg-jelentes-2024\/\",\"name\":\"ESG Jelent\u00e9s 2024 - Poultry Investment\",\"isPartOf\":{\"@id\":\"https:\/\/poultryinvestment.ro\/#website\"},\"datePublished\":\"2025-09-19T08:25:55+00:00\",\"dateModified\":\"2025-09-19T08:32:14+00:00\",\"breadcrumb\":{\"@id\":\"https:\/\/poultryinvestment.ro\/hu\/esg-jelentes-2024\/#breadcrumb\"},\"inLanguage\":\"hu\",\"potentialAction\":[{\"@type\":\"ReadAction\",\"target\":[\"https:\/\/poultryinvestment.ro\/hu\/esg-jelentes-2024\/\"]}]},{\"@type\":\"BreadcrumbList\",\"@id\":\"https:\/\/poultryinvestment.ro\/hu\/esg-jelentes-2024\/#breadcrumb\",\"itemListElement\":[{\"@type\":\"ListItem\",\"position\":1,\"name\":\"Home\",\"item\":\"https:\/\/poultryinvestment.ro\/hu\/\"},{\"@type\":\"ListItem\",\"position\":2,\"name\":\"ESG Jelent\u00e9s 2024\"}]},{\"@type\":\"WebSite\",\"@id\":\"https:\/\/poultryinvestment.ro\/#website\",\"url\":\"https:\/\/poultryinvestment.ro\/\",\"name\":\"Poultry Investment\",\"description\":\"\",\"publisher\":{\"@id\":\"https:\/\/poultryinvestment.ro\/#organization\"},\"potentialAction\":[{\"@type\":\"SearchAction\",\"target\":{\"@type\":\"EntryPoint\",\"urlTemplate\":\"https:\/\/poultryinvestment.ro\/?s={search_term_string}\"},\"query-input\":{\"@type\":\"PropertyValueSpecification\",\"valueRequired\":true,\"valueName\":\"search_term_string\"}}],\"inLanguage\":\"hu\"},{\"@type\":\"Organization\",\"@id\":\"https:\/\/poultryinvestment.ro\/#organization\",\"name\":\"Poultry Investment\",\"url\":\"https:\/\/poultryinvestment.ro\/\",\"logo\":{\"@type\":\"ImageObject\",\"inLanguage\":\"hu\",\"@id\":\"https:\/\/poultryinvestment.ro\/#\/schema\/logo\/image\/\",\"url\":\"https:\/\/poultryinvestment.ro\/wp-content\/uploads\/2023\/11\/poultry-logo-comingsoon-s.png\",\"contentUrl\":\"https:\/\/poultryinvestment.ro\/wp-content\/uploads\/2023\/11\/poultry-logo-comingsoon-s.png\",\"width\":500,\"height\":354,\"caption\":\"Poultry Investment\"},\"image\":{\"@id\":\"https:\/\/poultryinvestment.ro\/#\/schema\/logo\/image\/\"},\"sameAs\":[\"https:\/\/www.facebook.com\/poultry.investment.team\",\"https:\/\/ro.linkedin.com\/company\/poultry-investment\"]}]}<\/script>\n<!-- \/ Yoast SEO plugin. -->","yoast_head_json":{"title":"ESG Jelent\u00e9s 2024 - Poultry Investment","robots":{"index":"index","follow":"follow","max-snippet":"max-snippet:-1","max-image-preview":"max-image-preview:large","max-video-preview":"max-video-preview:-1"},"canonical":"https:\/\/poultryinvestment.ro\/hu\/esg-jelentes-2024\/","og_locale":"hu_HU","og_type":"article","og_title":"ESG Jelent\u00e9s 2024 - Poultry Investment","og_description":"[vc_row full_width=&#8221;stretch_row_content_no_spaces&#8221;][vc_column][vc_single_image image=&#8221;944&#8243; img_size=&#8221;full&#8221; alignment=&#8221;center&#8221; css_animation=&#8221;fadeIn&#8221; css=&#8221;&#8221; image_hovers=&#8221;false&#8221;][\/vc_column][\/vc_row][vc_row el_class=&#8221;inner-esgreport-row&#8221; el_id=&#8221;esgreport&#8221;][vc_column width=&#8221;1\/6&#8243;][\/vc_column][vc_column width=&#8221;2\/3&#8243; el_class=&#8221;col-report&#8221;][vc_column_text css=&#8221;&#8221;] ESG Jelent\u00e9s 2024 \u00d6r\u00f6mmel mutatjuk be a Poultry Investment 2024-es ESG Jelent\u00e9s\u00e9t, amely az els\u0151, a GRI szabv\u00e1nyok szerint k\u00e9sz\u00fclt, csoportszint\u0171 jelent\u00e9s\u00fcnk. Ez \u00faj szint\u0171 \u00e1tl\u00e1that\u00f3s\u00e1got \u00e9s k\u00f6vetkezetess\u00e9get jelent m\u0171k\u00f6d\u00e9s\u00fcnkben, t\u00fckr\u00f6zve elk\u00f6telezetts\u00e9g\u00fcnket a felel\u0151s \u00e9s fenntarthat\u00f3 \u2013 gazdas\u00e1gi, t\u00e1rsadalmi \u00e9s k\u00f6rnyezeti&hellip;","og_url":"https:\/\/poultryinvestment.ro\/hu\/esg-jelentes-2024\/","og_site_name":"Poultry Investment","article_publisher":"https:\/\/www.facebook.com\/poultry.investment.team","article_modified_time":"2025-09-19T08:32:14+00:00","twitter_card":"summary_large_image","twitter_misc":{"Becs\u00fclt olvas\u00e1si id\u0151":"1 perc"},"schema":{"@context":"https:\/\/schema.org","@graph":[{"@type":"WebPage","@id":"https:\/\/poultryinvestment.ro\/hu\/esg-jelentes-2024\/","url":"https:\/\/poultryinvestment.ro\/hu\/esg-jelentes-2024\/","name":"ESG Jelent\u00e9s 2024 - Poultry Investment","isPartOf":{"@id":"https:\/\/poultryinvestment.ro\/#website"},"datePublished":"2025-09-19T08:25:55+00:00","dateModified":"2025-09-19T08:32:14+00:00","breadcrumb":{"@id":"https:\/\/poultryinvestment.ro\/hu\/esg-jelentes-2024\/#breadcrumb"},"inLanguage":"hu","potentialAction":[{"@type":"ReadAction","target":["https:\/\/poultryinvestment.ro\/hu\/esg-jelentes-2024\/"]}]},{"@type":"BreadcrumbList","@id":"https:\/\/poultryinvestment.ro\/hu\/esg-jelentes-2024\/#breadcrumb","itemListElement":[{"@type":"ListItem","position":1,"name":"Home","item":"https:\/\/poultryinvestment.ro\/hu\/"},{"@type":"ListItem","position":2,"name":"ESG Jelent\u00e9s 2024"}]},{"@type":"WebSite","@id":"https:\/\/poultryinvestment.ro\/#website","url":"https:\/\/poultryinvestment.ro\/","name":"Poultry Investment","description":"","publisher":{"@id":"https:\/\/poultryinvestment.ro\/#organization"},"potentialAction":[{"@type":"SearchAction","target":{"@type":"EntryPoint","urlTemplate":"https:\/\/poultryinvestment.ro\/?s={search_term_string}"},"query-input":{"@type":"PropertyValueSpecification","valueRequired":true,"valueName":"search_term_string"}}],"inLanguage":"hu"},{"@type":"Organization","@id":"https:\/\/poultryinvestment.ro\/#organization","name":"Poultry Investment","url":"https:\/\/poultryinvestment.ro\/","logo":{"@type":"ImageObject","inLanguage":"hu","@id":"https:\/\/poultryinvestment.ro\/#\/schema\/logo\/image\/","url":"https:\/\/poultryinvestment.ro\/wp-content\/uploads\/2023\/11\/poultry-logo-comingsoon-s.png","contentUrl":"https:\/\/poultryinvestment.ro\/wp-content\/uploads\/2023\/11\/poultry-logo-comingsoon-s.png","width":500,"height":354,"caption":"Poultry Investment"},"image":{"@id":"https:\/\/poultryinvestment.ro\/#\/schema\/logo\/image\/"},"sameAs":["https:\/\/www.facebook.com\/poultry.investment.team","https:\/\/ro.linkedin.com\/company\/poultry-investment"]}]}},"_links":{"self":[{"href":"https:\/\/poultryinvestment.ro\/hu\/wp-json\/wp\/v2\/pages\/950","targetHints":{"allow":["GET"]}}],"collection":[{"href":"https:\/\/poultryinvestment.ro\/hu\/wp-json\/wp\/v2\/pages"}],"about":[{"href":"https:\/\/poultryinvestment.ro\/hu\/wp-json\/wp\/v2\/types\/page"}],"author":[{"embeddable":true,"href":"https:\/\/poultryinvestment.ro\/hu\/wp-json\/wp\/v2\/users\/1"}],"replies":[{"embeddable":true,"href":"https:\/\/poultryinvestment.ro\/hu\/wp-json\/wp\/v2\/comments?post=950"}],"version-history":[{"count":1,"href":"https:\/\/poultryinvestment.ro\/hu\/wp-json\/wp\/v2\/pages\/950\/revisions"}],"predecessor-version":[{"id":951,"href":"https:\/\/poultryinvestment.ro\/hu\/wp-json\/wp\/v2\/pages\/950\/revisions\/951"}],"wp:attachment":[{"href":"https:\/\/poultryinvestment.ro\/hu\/wp-json\/wp\/v2\/media?parent=950"}],"curies":[{"name":"wp","href":"https:\/\/api.w.org\/{rel}","templated":true}]}}